{"id":60,"date":"2015-09-25T22:46:42","date_gmt":"2015-09-25T21:46:42","guid":{"rendered":"http:\/\/www.magikbazar.fr\/?page_id=60"},"modified":"2015-09-25T22:46:42","modified_gmt":"2015-09-25T21:46:42","slug":"bienvenue-au-magik-bazar","status":"publish","type":"page","link":"https:\/\/magikbazar.fr\/magik\/","title":{"rendered":"Bienvenue au Magik Bazar !"},"content":{"rendered":"<p>Apr\u00e8s la Cie du Kafoutch&rsquo; (d\u00e9di\u00e9e aujourd&rsquo;hui \u00e0 l&rsquo;organisation de Tralal\u00e8re!, le bain d&rsquo;art et de culture des tout petits), Magali Braconnot cr\u00e9e le Magik Bazar, outil de diffusion de ses cr\u00e9ations.<\/p>\n<p>Vous y trouverez ses spectacles, ateliers, livres, inventions et bricolages divers,<\/p>\n<p>Alors n&rsquo;h\u00e9sitez pas, entrez dans l&rsquo;univers !<\/p>\n","protected":false},"excerpt":{"rendered":"<p>Apr\u00e8s la Cie du Kafoutch&rsquo; (d\u00e9di\u00e9e aujourd&rsquo;hui \u00e0 l&rsquo;organisation de Tralal\u00e8re!, le bain d&rsquo;art et de culture des tout petits), Magali Braconnot cr\u00e9e le Magik Bazar, outil de diffusion de ses cr\u00e9ations. Vous y trouverez ses spectacles, ateliers, livres, inventions et bricolages divers, Alors n&rsquo;h\u00e9sitez pas, entrez dans l&rsquo;univers !<\/p>\n","protected":false},"author":2,"featured_media":0,"parent":0,"menu_order":0,"comment_status":"closed","ping_status":"closed","template":"","meta":[],"_links":{"self":[{"href":"https:\/\/magikbazar.fr\/magik\/wp-json\/wp\/v2\/pages\/60"}],"collection":[{"href":"https:\/\/magikbazar.fr\/magik\/wp-json\/wp\/v2\/pages"}],"about":[{"href":"https:\/\/magikbazar.fr\/magik\/wp-json\/wp\/v2\/types\/page"}],"author":[{"embeddable":true,"href":"https:\/\/magikbazar.fr\/magik\/wp-json\/wp\/v2\/users\/2"}],"replies":[{"embeddable":true,"href":"https:\/\/magikbazar.fr\/magik\/wp-json\/wp\/v2\/comments?post=60"}],"version-history":[{"count":1,"href":"https:\/\/magikbazar.fr\/magik\/wp-json\/wp\/v2\/pages\/60\/revisions"}],"predecessor-version":[{"id":61,"href":"https:\/\/magikbazar.fr\/magik\/wp-json\/wp\/v2\/pages\/60\/revisions\/61"}],"wp:attachment":[{"href":"https:\/\/magikbazar.fr\/magik\/wp-json\/wp\/v2\/media?parent=60"}],"curies":[{"name":"wp","href":"https:\/\/api.w.org\/{rel}","templated":true}]}}