{"id":28,"date":"2015-09-23T21:38:17","date_gmt":"2015-09-23T20:38:17","guid":{"rendered":"http:\/\/www.magikbazar.fr\/?page_id=28"},"modified":"2018-06-11T19:14:24","modified_gmt":"2018-06-11T18:14:24","slug":"la-journee-de-lila","status":"publish","type":"page","link":"https:\/\/magikbazar.fr\/magik\/la-journee-de-lila\/","title":{"rendered":"La journ\u00e9e de Lila"},"content":{"rendered":"<p><a href=\"https:\/\/magikbazar.fr\/magik\/wp-content\/uploads\/2015\/10\/visuelLila.jpg\"><img decoding=\"async\" loading=\"lazy\" class=\"size-medium wp-image-117 aligncenter\" src=\"https:\/\/magikbazar.fr\/magik\/wp-content\/uploads\/2015\/10\/visuelLila-300x271.jpg\" alt=\"visuelLila\" width=\"300\" height=\"271\" srcset=\"https:\/\/magikbazar.fr\/magik\/wp-content\/uploads\/2015\/10\/visuelLila-300x271.jpg 300w, https:\/\/magikbazar.fr\/magik\/wp-content\/uploads\/2015\/10\/visuelLila.jpg 786w\" sizes=\"(max-width: 300px) 100vw, 300px\" \/><\/a><a href=\"https:\/\/magikbazar.fr\/magik\/wp-content\/uploads\/2017\/11\/Lila-portrait-bulle.png\"><img decoding=\"async\" loading=\"lazy\" class=\"size-medium wp-image-301 alignright\" src=\"https:\/\/magikbazar.fr\/magik\/wp-content\/uploads\/2017\/11\/Lila-portrait-bulle-300x298.png\" alt=\"\" width=\"300\" height=\"298\" srcset=\"https:\/\/magikbazar.fr\/magik\/wp-content\/uploads\/2017\/11\/Lila-portrait-bulle-300x298.png 300w, https:\/\/magikbazar.fr\/magik\/wp-content\/uploads\/2017\/11\/Lila-portrait-bulle-150x150.png 150w, https:\/\/magikbazar.fr\/magik\/wp-content\/uploads\/2017\/11\/Lila-portrait-bulle-768x762.png 768w, https:\/\/magikbazar.fr\/magik\/wp-content\/uploads\/2017\/11\/Lila-portrait-bulle-1024x1017.png 1024w, https:\/\/magikbazar.fr\/magik\/wp-content\/uploads\/2017\/11\/Lila-portrait-bulle-1920x1906.png 1920w\" sizes=\"(max-width: 300px) 100vw, 300px\" \/><\/a><\/p>\n<p><strong>Spectacle pour tout petits<\/strong> : 6 mois-6 ans<\/p>\n<p>De et avec Magali Braconnot<\/p>\n<p>Mime, clown, chansons.<\/p>\n<p>Lila ouvre les yeux, la journ\u00e9e peut commencer en chansons. Chaque moment de la journ\u00e9e a son refrain, chaque situation est pr\u00e9texte pour inventer des jeux et des surprises. La toilette, la sieste, les repas, les d\u00e9couvertes&#8230;<\/p>\n<p><strong>Dur\u00e9e :<\/strong> 30mn<\/p>\n<p><strong>Jauge :<\/strong> 60 enfants et adultes<\/p>\n<p><strong>Le spectacle :<a href=\"https:\/\/magikbazar.fr\/magik\/wp-content\/uploads\/2017\/11\/Lila-bulle-puyserguier.png\"><img decoding=\"async\" loading=\"lazy\" class=\"size-medium wp-image-300 alignright\" src=\"https:\/\/magikbazar.fr\/magik\/wp-content\/uploads\/2017\/11\/Lila-bulle-puyserguier-300x297.png\" alt=\"\" width=\"300\" height=\"297\" srcset=\"https:\/\/magikbazar.fr\/magik\/wp-content\/uploads\/2017\/11\/Lila-bulle-puyserguier-300x297.png 300w, https:\/\/magikbazar.fr\/magik\/wp-content\/uploads\/2017\/11\/Lila-bulle-puyserguier-150x150.png 150w, https:\/\/magikbazar.fr\/magik\/wp-content\/uploads\/2017\/11\/Lila-bulle-puyserguier.png 353w\" sizes=\"(max-width: 300px) 100vw, 300px\" \/><\/a><\/strong><\/p>\n<ul>\n<li>Une histoire pleine de surprises, dr\u00f4le et po\u00e9tique, color\u00e9e et ponctu\u00e9e de sons et de chansons.<\/li>\n<li>Un spectacle adapt\u00e9 aux tout petits, con\u00e7u pour retenir leur attention en douceur.<\/li>\n<li>Mime, chanson, clown, la com\u00e9dienne chanteuse emm\u00e8ne les petits dans son histoire, les rend complices par l&rsquo;interactivit\u00e9 du spectacle.<\/li>\n<\/ul>\n<p>Jardini\u00e8re un peu clown, elle m\u00e8ne la danse, joue avec une poup\u00e9e de chiffon et son environnement, comme les petits jouent avec les objets et inventent des histoires \u00e0 partir de tout et de rien.<\/p>\n<p>Chaque moment de la journ\u00e9e est source de jeu, de rires et de d\u00e9couvertes, pour que \u00ab\u00a0chaque jour soit une f\u00eate\u00a0\u00bb !<\/p>\n<div id='gallery-1' class='gallery galleryid-28 gallery-columns-3 gallery-size-medium'><figure class='gallery-item'>\n\t\t\t<div class='gallery-icon portrait'>\n\t\t\t\t<a href='https:\/\/magikbazar.fr\/magik\/festival-de-lenfance-de-lart-2012-la-cacharde-saint-peray-2\/'><img width=\"200\" height=\"300\" src=\"https:\/\/magikbazar.fr\/magik\/wp-content\/uploads\/2017\/11\/Lila-St-P\u00e9ray-2012-200x300.jpg\" class=\"attachment-medium size-medium\" alt=\"\" decoding=\"async\" loading=\"lazy\" aria-describedby=\"gallery-1-302\" srcset=\"https:\/\/magikbazar.fr\/magik\/wp-content\/uploads\/2017\/11\/Lila-St-P\u00e9ray-2012-200x300.jpg 200w, https:\/\/magikbazar.fr\/magik\/wp-content\/uploads\/2017\/11\/Lila-St-P\u00e9ray-2012-768x1152.jpg 768w, https:\/\/magikbazar.fr\/magik\/wp-content\/uploads\/2017\/11\/Lila-St-P\u00e9ray-2012-683x1024.jpg 683w, https:\/\/magikbazar.fr\/magik\/wp-content\/uploads\/2017\/11\/Lila-St-P\u00e9ray-2012-1920x2880.jpg 1920w\" sizes=\"(max-width: 200px) 100vw, 200px\" \/><\/a>\n\t\t\t<\/div>\n\t\t\t\t<figcaption class='wp-caption-text gallery-caption' id='gallery-1-302'>\n\t\t\t\tFestival de l&rsquo;enfance de l&rsquo;art 2012, la Cacharde, Saint-P\u00e9ray, le Kafoutch de Magali : \u00ab\u00a0Lila\u00a0\u00bb\n\t\t\t\t<\/figcaption><\/figure><figure class='gallery-item'>\n\t\t\t<div class='gallery-icon landscape'>\n\t\t\t\t<a href='https:\/\/magikbazar.fr\/magik\/festival-de-lenfance-de-lart-2012-la-cacharde-saint-peray-3\/'><img width=\"300\" height=\"200\" src=\"https:\/\/magikbazar.fr\/magik\/wp-content\/uploads\/2017\/11\/Lila-St-P\u00e9ray-2012-boite-musique-300x200.jpg\" class=\"attachment-medium size-medium\" alt=\"\" decoding=\"async\" loading=\"lazy\" aria-describedby=\"gallery-1-303\" srcset=\"https:\/\/magikbazar.fr\/magik\/wp-content\/uploads\/2017\/11\/Lila-St-P\u00e9ray-2012-boite-musique-300x200.jpg 300w, https:\/\/magikbazar.fr\/magik\/wp-content\/uploads\/2017\/11\/Lila-St-P\u00e9ray-2012-boite-musique-768x512.jpg 768w, https:\/\/magikbazar.fr\/magik\/wp-content\/uploads\/2017\/11\/Lila-St-P\u00e9ray-2012-boite-musique-1024x683.jpg 1024w, https:\/\/magikbazar.fr\/magik\/wp-content\/uploads\/2017\/11\/Lila-St-P\u00e9ray-2012-boite-musique-1920x1280.jpg 1920w\" sizes=\"(max-width: 300px) 100vw, 300px\" \/><\/a>\n\t\t\t<\/div>\n\t\t\t\t<figcaption class='wp-caption-text gallery-caption' id='gallery-1-303'>\n\t\t\t\tFestival de l&rsquo;enfance de l&rsquo;art 2012, la Cacharde, Saint-P\u00e9ray, le Kafoutch de Magali : \u00ab\u00a0Lila\u00a0\u00bb\n\t\t\t\t<\/figcaption><\/figure><figure class='gallery-item'>\n\t\t\t<div class='gallery-icon landscape'>\n\t\t\t\t<a href='https:\/\/magikbazar.fr\/magik\/festival-de-lenfance-de-lart-2012-la-cacharde-saint-peray-4\/'><img width=\"300\" height=\"200\" src=\"https:\/\/magikbazar.fr\/magik\/wp-content\/uploads\/2017\/11\/Lila-St-P\u00e9ray-2012-coucher-300x200.jpg\" class=\"attachment-medium size-medium\" alt=\"\" decoding=\"async\" loading=\"lazy\" aria-describedby=\"gallery-1-304\" srcset=\"https:\/\/magikbazar.fr\/magik\/wp-content\/uploads\/2017\/11\/Lila-St-P\u00e9ray-2012-coucher-300x200.jpg 300w, https:\/\/magikbazar.fr\/magik\/wp-content\/uploads\/2017\/11\/Lila-St-P\u00e9ray-2012-coucher-768x512.jpg 768w, https:\/\/magikbazar.fr\/magik\/wp-content\/uploads\/2017\/11\/Lila-St-P\u00e9ray-2012-coucher-1024x683.jpg 1024w, https:\/\/magikbazar.fr\/magik\/wp-content\/uploads\/2017\/11\/Lila-St-P\u00e9ray-2012-coucher-1920x1280.jpg 1920w\" sizes=\"(max-width: 300px) 100vw, 300px\" \/><\/a>\n\t\t\t<\/div>\n\t\t\t\t<figcaption class='wp-caption-text gallery-caption' id='gallery-1-304'>\n\t\t\t\tFestival de l&rsquo;enfance de l&rsquo;art 2012, la Cacharde, Saint-P\u00e9ray, le Kafoutch de Magali : \u00ab\u00a0Lila\u00a0\u00bb\n\t\t\t\t<\/figcaption><\/figure>\n\t\t<\/div>\n\n<p><strong>Conditions souhait\u00e9es :<\/strong><\/p>\n<ul>\n<li>Le spectacle est con\u00e7u pour les tout petits.<\/li>\n<li>Une certaine intimit\u00e9 est recherch\u00e9e pour que les enfants se sentent bien et que les choix artistiques (th\u00e9\u00e2tre d&rsquo;objet, chant a capella) soient mis en valeur.<\/li>\n<li>Pr\u00e9voir un \u00ab\u00a0gradinage\u00a0\u00bb progressif (tapis, petites chaises, bancs) pour optimiser la visibilit\u00e9).<\/li>\n<\/ul>\n<p>Chanson \u00ab\u00a0La sieste\u00a0\u00bb :<\/p>\n<!--[if lt IE 9]><script>document.createElement('audio');<\/script><![endif]-->\n<audio class=\"wp-audio-shortcode\" id=\"audio-28-1\" preload=\"none\" style=\"width: 100%;\" controls=\"controls\"><source type=\"audio\/mpeg\" src=\"https:\/\/magikbazar.fr\/magik\/wp-content\/uploads\/2017\/11\/10-La-journ\u00e9e-de-Lila-La-sieste.mp3?_=1\" \/><a href=\"https:\/\/magikbazar.fr\/magik\/wp-content\/uploads\/2017\/11\/10-La-journ\u00e9e-de-Lila-La-sieste.mp3\">https:\/\/magikbazar.fr\/magik\/wp-content\/uploads\/2017\/11\/10-La-journ\u00e9e-de-Lila-La-sieste.mp3<\/a><\/audio>\n<p style=\"text-align: center;\">Le livre CD \u00ab\u00a0La journ\u00e9e de Lila\u00a0\u00bb :\u00a0<a href=\"https:\/\/magikbazar.fr\/magik\/livres-cd\/\">c&rsquo;est ici !<\/a><\/p>\n<p style=\"text-align: center;\"><strong>Contact :<\/strong><\/p>\n<p style=\"text-align: center;\">Magali Braconnot<\/p>\n<p style=\"text-align: center;\">06.82.45.14.94<\/p>\n<p style=\"text-align: center;\">contact@magikbazar.fr<\/p>\n<p style=\"text-align: center;\"><strong>Fiche technique :<\/strong><\/p>\n<p style=\"text-align: center;\">\u00a0<a href=\"https:\/\/magikbazar.fr\/magik\/wp-content\/uploads\/2018\/06\/Fiche-technique-Lila-2018.pdf\">Fiche technique Lila 2018<\/a><\/p>\n<p style=\"text-align: center;\"><a href=\"https:\/\/magikbazar.fr\/magik\/wp-content\/uploads\/2015\/10\/IMG_2000.jpg\"><img decoding=\"async\" loading=\"lazy\" class=\"alignnone size-medium wp-image-113\" src=\"https:\/\/magikbazar.fr\/magik\/wp-content\/uploads\/2015\/10\/IMG_2000-200x300.jpg\" alt=\"IMG_2000\" width=\"200\" height=\"300\" srcset=\"https:\/\/magikbazar.fr\/magik\/wp-content\/uploads\/2015\/10\/IMG_2000-200x300.jpg 200w, https:\/\/magikbazar.fr\/magik\/wp-content\/uploads\/2015\/10\/IMG_2000-683x1024.jpg 683w, https:\/\/magikbazar.fr\/magik\/wp-content\/uploads\/2015\/10\/IMG_2000-1920x2880.jpg 1920w\" sizes=\"(max-width: 200px) 100vw, 200px\" \/><\/a><\/p>\n<p style=\"text-align: center;\"><a href=\"https:\/\/magikbazar.fr\/magik\/wp-content\/uploads\/2015\/10\/Puyserguier3recadr.jpg\"><img decoding=\"async\" loading=\"lazy\" class=\"alignnone size-medium wp-image-116\" src=\"https:\/\/magikbazar.fr\/magik\/wp-content\/uploads\/2015\/10\/Puyserguier3recadr-300x225.jpg\" alt=\"Puyserguier3recadr\" width=\"300\" height=\"225\" srcset=\"https:\/\/magikbazar.fr\/magik\/wp-content\/uploads\/2015\/10\/Puyserguier3recadr-300x225.jpg 300w, https:\/\/magikbazar.fr\/magik\/wp-content\/uploads\/2015\/10\/Puyserguier3recadr.jpg 468w\" sizes=\"(max-width: 300px) 100vw, 300px\" \/><\/a><\/p>\n<figure id=\"attachment_114\" aria-describedby=\"caption-attachment-114\" style=\"width: 300px\" class=\"wp-caption aligncenter\"><a href=\"https:\/\/magikbazar.fr\/magik\/wp-content\/uploads\/2015\/10\/20120608_festival_l-enfance-de-l-art_065.jpg\"><img decoding=\"async\" loading=\"lazy\" class=\"size-medium wp-image-114\" src=\"https:\/\/magikbazar.fr\/magik\/wp-content\/uploads\/2015\/10\/20120608_festival_l-enfance-de-l-art_065-300x200.jpg\" alt=\"Festival de l'enfance de l'art 2012, la Cacharde, Saint-P\u00e9ray, le Kafoutch de Magali : &quot;Lila&quot;\" width=\"300\" height=\"200\" srcset=\"https:\/\/magikbazar.fr\/magik\/wp-content\/uploads\/2015\/10\/20120608_festival_l-enfance-de-l-art_065-300x200.jpg 300w, https:\/\/magikbazar.fr\/magik\/wp-content\/uploads\/2015\/10\/20120608_festival_l-enfance-de-l-art_065.jpg 640w\" sizes=\"(max-width: 300px) 100vw, 300px\" \/><\/a><figcaption id=\"caption-attachment-114\" class=\"wp-caption-text\">Festival de l&rsquo;enfance de l&rsquo;art 2012, la Cacharde, Saint-P\u00e9ray, le Kafoutch de Magali : \u00ab\u00a0Lila\u00a0\u00bb<\/figcaption><\/figure>\n<p><a href=\"https:\/\/magikbazar.fr\/magik\/wp-content\/uploads\/2017\/11\/Lila-effet-vieille-photo.jpg\"><img decoding=\"async\" loading=\"lazy\" class=\"size-medium wp-image-305 aligncenter\" src=\"https:\/\/magikbazar.fr\/magik\/wp-content\/uploads\/2017\/11\/Lila-effet-vieille-photo-225x300.jpg\" alt=\"\" width=\"225\" height=\"300\" srcset=\"https:\/\/magikbazar.fr\/magik\/wp-content\/uploads\/2017\/11\/Lila-effet-vieille-photo-225x300.jpg 225w, https:\/\/magikbazar.fr\/magik\/wp-content\/uploads\/2017\/11\/Lila-effet-vieille-photo-768x1024.jpg 768w, https:\/\/magikbazar.fr\/magik\/wp-content\/uploads\/2017\/11\/Lila-effet-vieille-photo.jpg 1200w\" sizes=\"(max-width: 225px) 100vw, 225px\" \/><\/a><\/p>\n<p>&nbsp;<\/p>\n","protected":false},"excerpt":{"rendered":"<p>Spectacle pour tout petits : 6 mois-6 ans De et avec Magali Braconnot Mime, clown, chansons. Lila ouvre les yeux, la journ\u00e9e peut commencer en chansons. Chaque moment de la journ\u00e9e a son refrain, chaque situation est pr\u00e9texte pour inventer des jeux et des surprises. La toilette, la sieste, les repas, les d\u00e9couvertes&#8230; Dur\u00e9e :&hellip;<\/p>\n","protected":false},"author":2,"featured_media":0,"parent":0,"menu_order":0,"comment_status":"closed","ping_status":"closed","template":"","meta":[],"_links":{"self":[{"href":"https:\/\/magikbazar.fr\/magik\/wp-json\/wp\/v2\/pages\/28"}],"collection":[{"href":"https:\/\/magikbazar.fr\/magik\/wp-json\/wp\/v2\/pages"}],"about":[{"href":"https:\/\/magikbazar.fr\/magik\/wp-json\/wp\/v2\/types\/page"}],"author":[{"embeddable":true,"href":"https:\/\/magikbazar.fr\/magik\/wp-json\/wp\/v2\/users\/2"}],"replies":[{"embeddable":true,"href":"https:\/\/magikbazar.fr\/magik\/wp-json\/wp\/v2\/comments?post=28"}],"version-history":[{"count":11,"href":"https:\/\/magikbazar.fr\/magik\/wp-json\/wp\/v2\/pages\/28\/revisions"}],"predecessor-version":[{"id":324,"href":"https:\/\/magikbazar.fr\/magik\/wp-json\/wp\/v2\/pages\/28\/revisions\/324"}],"wp:attachment":[{"href":"https:\/\/magikbazar.fr\/magik\/wp-json\/wp\/v2\/media?parent=28"}],"curies":[{"name":"wp","href":"https:\/\/api.w.org\/{rel}","templated":true}]}}