{"id":25,"date":"2015-09-23T21:37:39","date_gmt":"2015-09-23T20:37:39","guid":{"rendered":"http:\/\/www.magikbazar.fr\/?page_id=25"},"modified":"2018-06-11T19:14:52","modified_gmt":"2018-06-11T18:14:52","slug":"zaza-et-les-zanimos-2","status":"publish","type":"page","link":"https:\/\/magikbazar.fr\/magik\/zaza-et-les-zanimos-2\/","title":{"rendered":"Zaza et les zanimos"},"content":{"rendered":"<p style=\"text-align: center;\"><a href=\"https:\/\/magikbazar.fr\/magik\/wp-content\/uploads\/2015\/10\/zaza-visuel.jpg\"><img decoding=\"async\" loading=\"lazy\" class=\"alignnone size-medium wp-image-125\" src=\"https:\/\/magikbazar.fr\/magik\/wp-content\/uploads\/2015\/10\/zaza-visuel-284x300.jpg\" alt=\"zaza visuel\" width=\"284\" height=\"300\" srcset=\"https:\/\/magikbazar.fr\/magik\/wp-content\/uploads\/2015\/10\/zaza-visuel-284x300.jpg 284w, https:\/\/magikbazar.fr\/magik\/wp-content\/uploads\/2015\/10\/zaza-visuel.jpg 739w\" sizes=\"(max-width: 284px) 100vw, 284px\" \/><\/a><\/p>\n<p align=\"CENTER\"><span style=\"color: #ff0000;\"><span style=\"font-family: Arial,sans-serif;\"><span style=\"font-size: x-large;\"><b>Un spectacle <\/b><\/span><\/span><\/span><\/p>\n<p align=\"CENTER\"><span style=\"color: #ff0000;\"><span style=\"font-family: Arial,sans-serif;\"><b>pour les tout petits (3\/6 ans&#8230;et plus !)<\/b><\/span><\/span><\/p>\n<p align=\"CENTER\"><span style=\"color: #ff0000;\"> <span style=\"font-family: Arial,sans-serif;\"><b>+ un livre CD <\/b><\/span><\/span><\/p>\n<p align=\"CENTER\"><span style=\"color: #33cccc;\"><span style=\"font-family: Arial,sans-serif;\"><b>Avec Magali Braconnot, com\u00e9dienne chanteuse<\/b><\/span><\/span><\/p>\n<!--[if lt IE 9]><script>document.createElement('audio');<\/script><![endif]-->\n<audio class=\"wp-audio-shortcode\" id=\"audio-25-1\" preload=\"none\" style=\"width: 100%;\" controls=\"controls\"><source type=\"audio\/mpeg\" src=\"https:\/\/magikbazar.fr\/magik\/wp-content\/uploads\/2017\/11\/01-Zaza1.mp3?_=1\" \/><a href=\"https:\/\/magikbazar.fr\/magik\/wp-content\/uploads\/2017\/11\/01-Zaza1.mp3\">https:\/\/magikbazar.fr\/magik\/wp-content\/uploads\/2017\/11\/01-Zaza1.mp3<\/a><\/audio>\n<p align=\"CENTER\"><span style=\"color: #800080;\"><span style=\"font-family: Comic Sans MS,cursive;\"><span style=\"font-size: large;\"><b>\u00ab\u00a0Zaza aime beaucoup les animaux. Mais papa et maman n&rsquo;en veulent pas \u00e0 la maison. Ca met des poils partout, \u00e7a ne sent pas bon&#8230; ils ont plein de raisons !<br \/>\nAlors Zaza a d\u00e9cid\u00e9 d&rsquo;inventer un zoo, toute seule ! Des animaux pour de faux, dans toute la maison, c&rsquo;est rigolo !\u00a0\u00bb<\/b><\/span><\/span><\/span><\/p>\n<p align=\"CENTER\">C\u2019est ainsi que des objets de la vie courante se transforment pour devenir les compagnons de jeu de Zaza\u00a0:<\/p>\n<p align=\"CENTER\">L\u2019aspirateur \u00e9l\u00e9phant, la brosse \u00e0 cheveux h\u00e9risson, le coton mouton, la chaise vache, la chaussette serpent, le balais girafe, la pince crocodile\u2026<\/p>\n<p align=\"CENTER\">Th\u00e9\u00e2tre d\u2019objet, chansons, Magali invite les tout-petits \u00e0 plonger dans l\u2019imaginaire de Zaza avec po\u00e9sie, humour et enthousiasme\u00a0!<\/p>\n<p style=\"text-align: left;\" align=\"CENTER\">Une chanson du spectacle : l&rsquo;\u00e9l\u00e9phant :<\/p>\n<audio class=\"wp-audio-shortcode\" id=\"audio-25-2\" preload=\"none\" style=\"width: 100%;\" controls=\"controls\"><source type=\"audio\/mpeg\" src=\"https:\/\/magikbazar.fr\/magik\/wp-content\/uploads\/2017\/11\/04-Zaza4.mp3?_=2\" \/><a href=\"https:\/\/magikbazar.fr\/magik\/wp-content\/uploads\/2017\/11\/04-Zaza4.mp3\">https:\/\/magikbazar.fr\/magik\/wp-content\/uploads\/2017\/11\/04-Zaza4.mp3<\/a><\/audio>\n<p align=\"CENTER\"><span style=\"color: #ff00ff;\"><span style=\"font-size: x-large;\"><b>Dur\u00e9e du spectacle\u00a0: 30 minutes<\/b><\/span><\/span><\/p>\n<p align=\"CENTER\"><span style=\"color: #198a8a;\"><b>prix d&rsquo;une repr\u00e9sentation : 600 \u20ac<\/b><\/span><\/p>\n<p align=\"CENTER\"><span style=\"color: #198a8a;\"><b>forfait possible pour plusieurs repr\u00e9sentations<\/b><\/span><\/p>\n<p align=\"CENTER\"><span style=\"color: #000000;\"><span style=\"font-family: Comic Sans MS,cursive;\"><b>Nombre de spectateurs par repr\u00e9sentation : 60<\/b><\/span><\/span><\/p>\n<p align=\"CENTER\">&#8212;&#8212;&#8212;<\/p>\n<p align=\"CENTER\"><strong>Fiche technique :<\/strong><\/p>\n<p align=\"CENTER\"><a href=\"https:\/\/magikbazar.fr\/magik\/wp-content\/uploads\/2018\/06\/Fiche-technique-Zaza-2018.pdf\">Fiche technique Zaza 2018<\/a><\/p>\n<p style=\"text-align: left;\" align=\"CENTER\">Le livre CD \u00ab\u00a0Zaza et les zanimos\u00a0\u00bb : <a href=\"https:\/\/magikbazar.fr\/magik\/livres-cd\/\">c&rsquo;est ici !<\/a><\/p>\n<div id='gallery-1' class='gallery galleryid-25 gallery-columns-3 gallery-size-medium'><figure class='gallery-item'>\n\t\t\t<div class='gallery-icon landscape'>\n\t\t\t\t<a href='https:\/\/magikbazar.fr\/magik\/cropped-zaza-chanson-jpg-2\/'><img width=\"300\" height=\"200\" src=\"https:\/\/magikbazar.fr\/magik\/wp-content\/uploads\/2015\/10\/cropped-zaza-chanson-300x200.jpg\" class=\"attachment-medium size-medium\" alt=\"\" decoding=\"async\" loading=\"lazy\" srcset=\"https:\/\/magikbazar.fr\/magik\/wp-content\/uploads\/2015\/10\/cropped-zaza-chanson-300x200.jpg 300w, https:\/\/magikbazar.fr\/magik\/wp-content\/uploads\/2015\/10\/cropped-zaza-chanson-1024x682.jpg 1024w, https:\/\/magikbazar.fr\/magik\/wp-content\/uploads\/2015\/10\/cropped-zaza-chanson.jpg 1920w\" sizes=\"(max-width: 300px) 100vw, 300px\" \/><\/a>\n\t\t\t<\/div><\/figure><figure class='gallery-item'>\n\t\t\t<div class='gallery-icon landscape'>\n\t\t\t\t<a href='https:\/\/magikbazar.fr\/magik\/cropped-0w4a9421-jpg\/'><img width=\"300\" height=\"200\" src=\"https:\/\/magikbazar.fr\/magik\/wp-content\/uploads\/2015\/09\/cropped-0W4A9421-300x200.jpg\" class=\"attachment-medium size-medium\" alt=\"\" decoding=\"async\" loading=\"lazy\" srcset=\"https:\/\/magikbazar.fr\/magik\/wp-content\/uploads\/2015\/09\/cropped-0W4A9421-300x200.jpg 300w, https:\/\/magikbazar.fr\/magik\/wp-content\/uploads\/2015\/09\/cropped-0W4A9421-1024x683.jpg 1024w, https:\/\/magikbazar.fr\/magik\/wp-content\/uploads\/2015\/09\/cropped-0W4A9421.jpg 1800w\" sizes=\"(max-width: 300px) 100vw, 300px\" \/><\/a>\n\t\t\t<\/div><\/figure><figure class='gallery-item'>\n\t\t\t<div class='gallery-icon landscape'>\n\t\t\t\t<a href='https:\/\/magikbazar.fr\/magik\/zaza-et-les-zanimos-2\/zaza-elephant\/'><img width=\"300\" height=\"199\" src=\"https:\/\/magikbazar.fr\/magik\/wp-content\/uploads\/2015\/10\/zaza-elephant-300x199.jpg\" class=\"attachment-medium size-medium\" alt=\"\" decoding=\"async\" loading=\"lazy\" srcset=\"https:\/\/magikbazar.fr\/magik\/wp-content\/uploads\/2015\/10\/zaza-elephant-300x199.jpg 300w, https:\/\/magikbazar.fr\/magik\/wp-content\/uploads\/2015\/10\/zaza-elephant-1024x680.jpg 1024w, https:\/\/magikbazar.fr\/magik\/wp-content\/uploads\/2015\/10\/zaza-elephant-1920x1275.jpg 1920w\" sizes=\"(max-width: 300px) 100vw, 300px\" \/><\/a>\n\t\t\t<\/div><\/figure><figure class='gallery-item'>\n\t\t\t<div class='gallery-icon landscape'>\n\t\t\t\t<a href='https:\/\/magikbazar.fr\/magik\/zaza-et-les-zanimos-2\/zaza-mouton\/'><img width=\"300\" height=\"218\" src=\"https:\/\/magikbazar.fr\/magik\/wp-content\/uploads\/2015\/10\/Zaza-mouton-300x218.jpg\" class=\"attachment-medium size-medium\" alt=\"\" decoding=\"async\" loading=\"lazy\" srcset=\"https:\/\/magikbazar.fr\/magik\/wp-content\/uploads\/2015\/10\/Zaza-mouton-300x218.jpg 300w, https:\/\/magikbazar.fr\/magik\/wp-content\/uploads\/2015\/10\/Zaza-mouton-1024x745.jpg 1024w, https:\/\/magikbazar.fr\/magik\/wp-content\/uploads\/2015\/10\/Zaza-mouton-1920x1398.jpg 1920w\" sizes=\"(max-width: 300px) 100vw, 300px\" \/><\/a>\n\t\t\t<\/div><\/figure><figure class='gallery-item'>\n\t\t\t<div class='gallery-icon portrait'>\n\t\t\t\t<a href='https:\/\/magikbazar.fr\/magik\/zaza-et-les-zanimos-2\/photo-zaza-2\/'><img width=\"195\" height=\"300\" src=\"https:\/\/magikbazar.fr\/magik\/wp-content\/uploads\/2015\/10\/Photo-zaza-2-195x300.jpg\" class=\"attachment-medium size-medium\" alt=\"\" decoding=\"async\" loading=\"lazy\" srcset=\"https:\/\/magikbazar.fr\/magik\/wp-content\/uploads\/2015\/10\/Photo-zaza-2-195x300.jpg 195w, https:\/\/magikbazar.fr\/magik\/wp-content\/uploads\/2015\/10\/Photo-zaza-2-667x1024.jpg 667w, https:\/\/magikbazar.fr\/magik\/wp-content\/uploads\/2015\/10\/Photo-zaza-2-1920x2947.jpg 1920w\" sizes=\"(max-width: 195px) 100vw, 195px\" \/><\/a>\n\t\t\t<\/div><\/figure>\n\t\t<\/div>\n\n<p>&nbsp;<\/p>\n","protected":false},"excerpt":{"rendered":"<p>Un spectacle pour les tout petits (3\/6 ans&#8230;et plus !) + un livre CD Avec Magali Braconnot, com\u00e9dienne chanteuse \u00ab\u00a0Zaza aime beaucoup les animaux. Mais papa et maman n&rsquo;en veulent pas \u00e0 la maison. Ca met des poils partout, \u00e7a ne sent pas bon&#8230; ils ont plein de raisons ! Alors Zaza a d\u00e9cid\u00e9 d&rsquo;inventer&hellip;<\/p>\n","protected":false},"author":2,"featured_media":0,"parent":0,"menu_order":0,"comment_status":"closed","ping_status":"closed","template":"","meta":[],"_links":{"self":[{"href":"https:\/\/magikbazar.fr\/magik\/wp-json\/wp\/v2\/pages\/25"}],"collection":[{"href":"https:\/\/magikbazar.fr\/magik\/wp-json\/wp\/v2\/pages"}],"about":[{"href":"https:\/\/magikbazar.fr\/magik\/wp-json\/wp\/v2\/types\/page"}],"author":[{"embeddable":true,"href":"https:\/\/magikbazar.fr\/magik\/wp-json\/wp\/v2\/users\/2"}],"replies":[{"embeddable":true,"href":"https:\/\/magikbazar.fr\/magik\/wp-json\/wp\/v2\/comments?post=25"}],"version-history":[{"count":11,"href":"https:\/\/magikbazar.fr\/magik\/wp-json\/wp\/v2\/pages\/25\/revisions"}],"predecessor-version":[{"id":325,"href":"https:\/\/magikbazar.fr\/magik\/wp-json\/wp\/v2\/pages\/25\/revisions\/325"}],"wp:attachment":[{"href":"https:\/\/magikbazar.fr\/magik\/wp-json\/wp\/v2\/media?parent=25"}],"curies":[{"name":"wp","href":"https:\/\/api.w.org\/{rel}","templated":true}]}}