{"id":225,"date":"2016-11-12T21:52:51","date_gmt":"2016-11-12T20:52:51","guid":{"rendered":"http:\/\/www.magikbazar.fr\/?page_id=225"},"modified":"2018-06-11T19:18:43","modified_gmt":"2018-06-11T18:18:43","slug":"atelier-creation-de-spectacle","status":"publish","type":"page","link":"https:\/\/magikbazar.fr\/magik\/atelier-creation-de-spectacle\/","title":{"rendered":"Atelier cr\u00e9ation de spectacle"},"content":{"rendered":"<p style=\"text-align: center;\"><span style=\"font-size: large;\"><span style=\"color: #eb613d;\"><span style=\"font-family: Times-Roman, serif;\"><b>Ateliers de cr\u00e9ation d\u2019un spectacle<\/b><\/span><\/span><\/span><\/p>\n<p align=\"CENTER\"><span style=\"color: #eb613d;\"><span style=\"font-family: Times-Roman, serif;\"><span style=\"font-size: large;\"><b>de A \u00e0 Z\u00a0!<\/b><\/span><\/span><\/span><\/p>\n<p align=\"CENTER\"><span style=\"font-size: large;\"><span style=\"color: #000000;\"><span style=\"font-family: Times-Roman, serif;\">Propos\u00e9 par\u00a0: M<\/span><\/span><span style=\"color: #000000;\"><span style=\"font-family: Times-Italic, serif;\"><i>agali Braconnot<\/i><\/span><\/span><\/span><\/p>\n<p align=\"CENTER\"><span style=\"color: #000000;\"><span style=\"font-family: Times-Italic, serif;\"><span style=\"font-size: large;\"><i>Com\u00e9dienne, chanteuse, metteuse en sc\u00e8ne, auteure de livres jeunesse<\/i><\/span><\/span><\/span><\/p>\n<p><span style=\"color: #ff6600;\">\u25a0 <span style=\"font-size: large;\"><span style=\"font-family: Times-Bold, serif;\"><b>OBJECTIF\u00a0: <\/b><\/span><\/span><\/span><\/p>\n<p><span style=\"color: #333333;\"><span style=\"font-size: large;\"><span style=\"font-family: Times-Bold, serif;\">R\u00e9aliser un spectacle de A \u00e0 Z (th\u00e9\u00e2tre\/danse ou com\u00e9die musicale) : <\/span><\/span><\/span><\/p>\n<p><span style=\"color: #333333;\"><span style=\"font-size: large;\"><span style=\"font-family: Times-Bold, serif;\">inventer une histoire, \u00e9crire le texte, les dialogues, mise en sc\u00e8ne et repr\u00e9sentation.<\/span><\/span><\/span><\/p>\n<p><span style=\"color: #ff6600;\">\u25a0 <span style=\"font-size: large;\"><span style=\"font-family: Times-Bold, serif;\"><b>PUBLIC CIBLE : <\/b><\/span><\/span><\/span><\/p>\n<p><span style=\"color: #333333;\"><strong><span style=\"font-family: Times-Bold, serif;\"><span style=\"font-size: large;\">Enfants de 4 \u00e0 12 ans, \u00e9coles, centres de loisirs, m\u00e9diath\u00e8ques.<\/span><\/span><\/strong><\/span><\/p>\n<p><span style=\"color: #000000;\"><span style=\"font-family: Times-Roman, serif;\"><span style=\"font-size: large;\">Interventions par petits groupes de 10 maximum.<\/span><\/span><\/span><\/p>\n<p><span style=\"color: #000000;\"><span style=\"font-family: Times-Roman, serif;\"><span style=\"font-size: large;\">Projet de spectacle possible pour plusieurs classe.<\/span><\/span><\/span><\/p>\n<p align=\"JUSTIFY\"><span style=\"color: #ff6600;\">\u25a0 <span style=\"font-family: Times-Roman, serif;\"><span style=\"font-size: large;\"><span style=\"font-family: Times-Bold, serif;\"><b>LE PROJET DE SPECTACLE<\/b><\/span><\/span><\/span><\/span><\/p>\n<p align=\"JUSTIFY\"><span style=\"color: #000000;\"><span style=\"font-family: Times-Italic, serif;\"><span style=\"font-size: large;\">Du th\u00e9\u00e2tre \u00e0 la com\u00e9die musicale, tout est envisageable, en fonction du projet souhait\u00e9 et du budget.<\/span><\/span><\/span><\/p>\n<p align=\"JUSTIFY\"><span style=\"color: #000000;\"><span style=\"font-family: Times-Italic, serif;\"><span style=\"font-size: large;\">Les enseignant-e-s peuvent choisir un th\u00e8me pour une cr\u00e9ation totale ou proposer une \u0153uvre \u00e0 mettre en sc\u00e8ne.<\/span><\/span><\/span><\/p>\n<p align=\"JUSTIFY\"><span style=\"color: #000000;\"><span style=\"font-family: Times-Italic, serif;\"><span style=\"font-size: large;\">Le projet peut aller de la cr\u00e9ation du texte \u00e0 la mise en sc\u00e8ne ou plus simplement concerner la mise en sc\u00e8ne d&rsquo;un texte ou d&rsquo;une \u0153uvre d\u00e9j\u00e0 existante.<\/span><\/span><\/span><\/p>\n<p align=\"JUSTIFY\"><span style=\"color: #000000;\"><span style=\"font-family: Times-Italic, serif;\"><span style=\"font-size: large;\">Les intervenant-e-s possibles\u00a0: th\u00e9\u00e2tre\/mime, danse\/musique, chant, percussions.<\/span><\/span><\/span><\/p>\n<p><span style=\"color: #ff6600;\">\u25a0 <span style=\"font-size: large;\"><span style=\"font-family: Times-Bold, serif;\"><b>LES ATELIERS <\/b><\/span><\/span><\/span><\/p>\n<p align=\"JUSTIFY\"><span style=\"color: #000000;\"><span style=\"font-family: Times-Italic, serif;\"><span style=\"font-size: large;\"><b>Avec des maternelles (4-6 ans):<\/b> s\u00e9ances de 30 minutes par groupe.<\/span><\/span><\/span><\/p>\n<p align=\"JUSTIFY\"><span style=\"color: #000000;\"><span style=\"font-family: Times-Italic, serif;\"><span style=\"font-size: large;\"><b>Avec des \u00e9l\u00e9mentaires (6-12 ans)\u00a0: <\/b>entre 45 minutes et une heure selon l\u2019\u00e2ge et le projet.<\/span><\/span><\/span><\/p>\n<p align=\"JUSTIFY\"><span style=\"color: #000000;\"><span style=\"font-family: Times-Italic, serif;\"><span style=\"font-size: large;\">Du th\u00e9\u00e2tre \u00e0 la com\u00e9die musicale, tout est envisageable, en fonction du projet souhait\u00e9 et du budget.<\/span><\/span><\/span><\/p>\n<p align=\"JUSTIFY\"><span style=\"color: #000000;\"><span style=\"font-family: Times-Italic, serif;\"><span style=\"font-size: large;\">Les enseignant-e-s peuvent choisir un th\u00e8me pour une cr\u00e9ation totale ou proposer une \u0153uvre \u00e0 mettre en sc\u00e8ne.<\/span><\/span><\/span><\/p>\n<p align=\"JUSTIFY\"><span style=\"color: #000000;\"><span style=\"font-family: Times-Italic, serif;\"><span style=\"font-size: large;\">Les intervenant-e-s travaillent en \u00e9quipe\u00a0: th\u00e9\u00e2tre, mime, danse, musique, chant.<\/span><\/span><\/span><\/p>\n<p align=\"JUSTIFY\"><span style=\"color: #000000;\"><span style=\"font-family: Times-Italic, serif;\"><span style=\"font-size: large;\">Selon le projet, les s\u00e9ances sont plus ou moins nombreuses. A titre d&rsquo;exemple un projet complet d&rsquo;\u00e9cole peut \u00eatre r\u00e9alis\u00e9 en une dizaine de s\u00e9ances\u00a0:<\/span><\/span><\/span><\/p>\n<p align=\"JUSTIFY\"><span style=\"color: #000000;\"><span style=\"font-family: Times-Italic, serif;\"><span style=\"font-size: large;\">1 s\u00e9ance d&rsquo;initiation aux disciplines artistiques choisies (mime, th\u00e9\u00e2tre, danse, musique, chant), 3 de cr\u00e9ation de l\u2019histoire, 5 de mise en place et de r\u00e9p\u00e9titions, et 1 r\u00e9p\u00e9tition g\u00e9n\u00e9rale.<\/span><\/span><\/span><\/p>\n<p><span style=\"color: #000000;\"><span style=\"font-family: Times-Bold, serif;\"><span style=\"font-size: large;\"><b>D\u00e9roulement des ateliers\u00a0:<\/b><\/span><\/span><\/span><\/p>\n<p align=\"JUSTIFY\"><span style=\"color: #000000;\"><span style=\"font-family: Times-Italic, serif;\"><span style=\"font-size: large;\">Les ateliers se d\u00e9roulent en petits groupes (10-12 enfants maxi). <\/span><\/span><\/span><\/p>\n<p align=\"JUSTIFY\"><span style=\"color: #000000;\"><span style=\"font-family: Times-Italic, serif;\"><span style=\"font-size: large;\">Une intervenante coordonne la construction de l\u2019histoire et sa r\u00e9daction au fur et \u00e0 mesure. <\/span><\/span><\/span><\/p>\n<p align=\"JUSTIFY\"><span style=\"color: #000000;\"><span style=\"font-family: Times-Italic, serif;\"><span style=\"font-size: large;\">L&rsquo;implication des enseignant-e-s est indispensable pour suivre la cr\u00e9ation du spectacle (r\u00e9partition des r\u00f4les, r\u00e9p\u00e9tition des textes, chor\u00e9graphies, cr\u00e9ation des costumes et d\u00e9cors)<\/span><\/span><\/span><\/p>\n<p align=\"JUSTIFY\"><span style=\"color: #000000;\"><span style=\"font-family: Times-Roman, serif;\"><span style=\"font-size: large;\">Des r\u00e9alisations en arts plastique men\u00e9es par les enseignant-e-s en dehors des temps d\u2019intervention peuvent \u00eatre li\u00e9es au projet (d\u00e9cors, accessoires, instruments de musique&#8230;)<\/span><\/span><\/span><\/p>\n<p><span style=\"color: #ff6600;\">\u25a0 <span style=\"font-size: large;\"><b><span style=\"font-family: Times-Bold, serif;\">COMBIEN CA COUTE\u00a0?<\/span><\/b><\/span><\/span><\/p>\n<p><span style=\"color: #000000;\"><span style=\"font-family: Times-Italic, serif;\"><span style=\"font-size: large;\">60 euros de l\u2019heure pour les ateliers de cr\u00e9ation et la r\u00e9daction <\/span><\/span><\/span><\/p>\n<p><span style=\"color: #000000;\"><span style=\"font-family: Times-Italic, serif;\"><span style=\"font-size: large;\">Pr\u00e9voir des temps de r\u00e9union, d&rsquo;\u00e9criture et de pr\u00e9paration (forfait).<\/span><\/span><\/span><\/p>\n<p><span style=\"color: #000000;\"><span style=\"font-family: Times-Italic, serif;\"><span style=\"font-size: large;\"><b>Devis sur demande apr\u00e8s \u00e9tude du projet\u00a0: <a href=\"https:\/\/magikbazar.fr\/magik\/contact\/\">CONTACT<\/a><\/b><\/span><\/span><\/span><\/p>\n<p>Document imprimable :\u00a0<a href=\"https:\/\/magikbazar.fr\/magik\/wp-content\/uploads\/2018\/06\/Pr\u00e9sentation-ateliers-spectacle.pdf\">Pr\u00e9sentation ateliers spectacle<\/a><\/p>\n<p><a href=\"https:\/\/magikbazar.fr\/magik\/wp-content\/uploads\/2016\/11\/marionnettes-Bricabracs.jpg\"><img decoding=\"async\" loading=\"lazy\" class=\"size-medium wp-image-237 aligncenter\" src=\"https:\/\/magikbazar.fr\/magik\/wp-content\/uploads\/2016\/11\/marionnettes-Bricabracs-300x225.jpg\" alt=\"OLYMPUS DIGITAL CAMERA\" width=\"300\" height=\"225\" srcset=\"https:\/\/magikbazar.fr\/magik\/wp-content\/uploads\/2016\/11\/marionnettes-Bricabracs-300x225.jpg 300w, https:\/\/magikbazar.fr\/magik\/wp-content\/uploads\/2016\/11\/marionnettes-Bricabracs.jpg 640w\" sizes=\"(max-width: 300px) 100vw, 300px\" \/><\/a><\/p>\n<p><strong>R\u00e9alisation de marionnettes :\u00a0<\/strong><\/p>\n<p><a href=\"https:\/\/magikbazar.fr\/magik\/wp-content\/uploads\/2017\/11\/20171019_163009.jpg\"><img decoding=\"async\" loading=\"lazy\" class=\"alignnone size-medium wp-image-259\" src=\"https:\/\/magikbazar.fr\/magik\/wp-content\/uploads\/2017\/11\/20171019_163009-300x225.jpg\" alt=\"\" width=\"300\" height=\"225\" srcset=\"https:\/\/magikbazar.fr\/magik\/wp-content\/uploads\/2017\/11\/20171019_163009-300x225.jpg 300w, https:\/\/magikbazar.fr\/magik\/wp-content\/uploads\/2017\/11\/20171019_163009-768x576.jpg 768w, https:\/\/magikbazar.fr\/magik\/wp-content\/uploads\/2017\/11\/20171019_163009-1024x768.jpg 1024w, https:\/\/magikbazar.fr\/magik\/wp-content\/uploads\/2017\/11\/20171019_163009-1920x1440.jpg 1920w\" sizes=\"(max-width: 300px) 100vw, 300px\" \/><\/a><a href=\"https:\/\/magikbazar.fr\/magik\/wp-content\/uploads\/2017\/11\/20171019_162143.jpg\"><img decoding=\"async\" loading=\"lazy\" class=\"alignnone size-medium wp-image-257\" src=\"https:\/\/magikbazar.fr\/magik\/wp-content\/uploads\/2017\/11\/20171019_162143-300x225.jpg\" alt=\"\" width=\"300\" height=\"225\" srcset=\"https:\/\/magikbazar.fr\/magik\/wp-content\/uploads\/2017\/11\/20171019_162143-300x225.jpg 300w, https:\/\/magikbazar.fr\/magik\/wp-content\/uploads\/2017\/11\/20171019_162143-768x576.jpg 768w, https:\/\/magikbazar.fr\/magik\/wp-content\/uploads\/2017\/11\/20171019_162143-1024x768.jpg 1024w, https:\/\/magikbazar.fr\/magik\/wp-content\/uploads\/2017\/11\/20171019_162143-1920x1440.jpg 1920w\" sizes=\"(max-width: 300px) 100vw, 300px\" \/><\/a><a href=\"https:\/\/magikbazar.fr\/magik\/wp-content\/uploads\/2017\/11\/20171019_163535.jpg\"><img decoding=\"async\" loading=\"lazy\" class=\"alignnone size-medium wp-image-260\" src=\"https:\/\/magikbazar.fr\/magik\/wp-content\/uploads\/2017\/11\/20171019_163535-300x225.jpg\" alt=\"\" width=\"300\" height=\"225\" srcset=\"https:\/\/magikbazar.fr\/magik\/wp-content\/uploads\/2017\/11\/20171019_163535-300x225.jpg 300w, https:\/\/magikbazar.fr\/magik\/wp-content\/uploads\/2017\/11\/20171019_163535-768x576.jpg 768w, https:\/\/magikbazar.fr\/magik\/wp-content\/uploads\/2017\/11\/20171019_163535-1024x768.jpg 1024w, https:\/\/magikbazar.fr\/magik\/wp-content\/uploads\/2017\/11\/20171019_163535-1920x1440.jpg 1920w\" sizes=\"(max-width: 300px) 100vw, 300px\" \/><\/a><a href=\"https:\/\/magikbazar.fr\/magik\/wp-content\/uploads\/2017\/11\/20171019_161149.jpg\"><img decoding=\"async\" loading=\"lazy\" class=\"alignnone size-medium wp-image-256\" src=\"https:\/\/magikbazar.fr\/magik\/wp-content\/uploads\/2017\/11\/20171019_161149-300x225.jpg\" alt=\"\" width=\"300\" height=\"225\" srcset=\"https:\/\/magikbazar.fr\/magik\/wp-content\/uploads\/2017\/11\/20171019_161149-300x225.jpg 300w, https:\/\/magikbazar.fr\/magik\/wp-content\/uploads\/2017\/11\/20171019_161149-768x576.jpg 768w, https:\/\/magikbazar.fr\/magik\/wp-content\/uploads\/2017\/11\/20171019_161149-1024x768.jpg 1024w, https:\/\/magikbazar.fr\/magik\/wp-content\/uploads\/2017\/11\/20171019_161149-1920x1440.jpg 1920w\" sizes=\"(max-width: 300px) 100vw, 300px\" \/><\/a><\/p>\n<p><a href=\"https:\/\/magikbazar.fr\/magik\/wp-content\/uploads\/2017\/11\/1-CMP-.jpg\"><img decoding=\"async\" loading=\"lazy\" class=\"alignnone size-medium wp-image-255\" src=\"https:\/\/magikbazar.fr\/magik\/wp-content\/uploads\/2017\/11\/1-CMP--300x147.jpg\" alt=\"\" width=\"300\" height=\"147\" srcset=\"https:\/\/magikbazar.fr\/magik\/wp-content\/uploads\/2017\/11\/1-CMP--300x147.jpg 300w, https:\/\/magikbazar.fr\/magik\/wp-content\/uploads\/2017\/11\/1-CMP--768x377.jpg 768w, https:\/\/magikbazar.fr\/magik\/wp-content\/uploads\/2017\/11\/1-CMP--1024x503.jpg 1024w, https:\/\/magikbazar.fr\/magik\/wp-content\/uploads\/2017\/11\/1-CMP--1920x943.jpg 1920w\" sizes=\"(max-width: 300px) 100vw, 300px\" \/><\/a><\/p>\n<p>&nbsp;<\/p>\n","protected":false},"excerpt":{"rendered":"<p>Ateliers de cr\u00e9ation d\u2019un spectacle de A \u00e0 Z\u00a0! Propos\u00e9 par\u00a0: Magali Braconnot Com\u00e9dienne, chanteuse, metteuse en sc\u00e8ne, auteure de livres jeunesse \u25a0 OBJECTIF\u00a0: R\u00e9aliser un spectacle de A \u00e0 Z (th\u00e9\u00e2tre\/danse ou com\u00e9die musicale) : inventer une histoire, \u00e9crire le texte, les dialogues, mise en sc\u00e8ne et repr\u00e9sentation. \u25a0 PUBLIC CIBLE : Enfants de&hellip;<\/p>\n","protected":false},"author":2,"featured_media":0,"parent":0,"menu_order":0,"comment_status":"closed","ping_status":"closed","template":"","meta":[],"_links":{"self":[{"href":"https:\/\/magikbazar.fr\/magik\/wp-json\/wp\/v2\/pages\/225"}],"collection":[{"href":"https:\/\/magikbazar.fr\/magik\/wp-json\/wp\/v2\/pages"}],"about":[{"href":"https:\/\/magikbazar.fr\/magik\/wp-json\/wp\/v2\/types\/page"}],"author":[{"embeddable":true,"href":"https:\/\/magikbazar.fr\/magik\/wp-json\/wp\/v2\/users\/2"}],"replies":[{"embeddable":true,"href":"https:\/\/magikbazar.fr\/magik\/wp-json\/wp\/v2\/comments?post=225"}],"version-history":[{"count":11,"href":"https:\/\/magikbazar.fr\/magik\/wp-json\/wp\/v2\/pages\/225\/revisions"}],"predecessor-version":[{"id":327,"href":"https:\/\/magikbazar.fr\/magik\/wp-json\/wp\/v2\/pages\/225\/revisions\/327"}],"wp:attachment":[{"href":"https:\/\/magikbazar.fr\/magik\/wp-json\/wp\/v2\/media?parent=225"}],"curies":[{"name":"wp","href":"https:\/\/api.w.org\/{rel}","templated":true}]}}