{"id":21,"date":"2015-09-23T21:36:35","date_gmt":"2015-09-23T20:36:35","guid":{"rendered":"http:\/\/www.magikbazar.fr\/?page_id=21"},"modified":"2018-02-23T15:34:00","modified_gmt":"2018-02-23T14:34:00","slug":"qui-suis-je","status":"publish","type":"page","link":"https:\/\/magikbazar.fr\/magik\/qui-suis-je\/","title":{"rendered":"Qui suis-je ?"},"content":{"rendered":"<p align=\"JUSTIFY\"><a href=\"https:\/\/magikbazar.fr\/magik\/wp-content\/uploads\/2018\/02\/Portrait-Magali-jardin.jpg\"><img decoding=\"async\" loading=\"lazy\" class=\"alignnone size-medium wp-image-312\" src=\"https:\/\/magikbazar.fr\/magik\/wp-content\/uploads\/2018\/02\/Portrait-Magali-jardin-300x199.jpg\" alt=\"\" width=\"300\" height=\"199\" srcset=\"https:\/\/magikbazar.fr\/magik\/wp-content\/uploads\/2018\/02\/Portrait-Magali-jardin-300x199.jpg 300w, https:\/\/magikbazar.fr\/magik\/wp-content\/uploads\/2018\/02\/Portrait-Magali-jardin-768x511.jpg 768w, https:\/\/magikbazar.fr\/magik\/wp-content\/uploads\/2018\/02\/Portrait-Magali-jardin-1024x681.jpg 1024w, https:\/\/magikbazar.fr\/magik\/wp-content\/uploads\/2018\/02\/Portrait-Magali-jardin-1920x1277.jpg 1920w\" sizes=\"(max-width: 300px) 100vw, 300px\" \/><\/a><\/p>\n<p align=\"JUSTIFY\"><span style=\"color: #222222;\"><span style=\"font-family: Arial,sans-serif;\"><span style=\"font-size: large;\"><b>MAGALI BRACONNOT<\/b><\/span><\/span><\/span><\/p>\n<p align=\"JUSTIFY\"><span style=\"color: #222222;\"><span style=\"font-family: Chalkduster;\"><span style=\"font-size: large;\"><b>Com\u00e9dienne, chanteuse, Auteure<\/b><\/span><\/span><\/span><\/p>\n<p align=\"JUSTIFY\"><span style=\"color: #000000;\"><span style=\"font-family: Arial,sans-serif;\">Form\u00e9e de mani\u00e8re pluridisciplinaire : mime (Atelier Guy Benhaim \u00e0 Nice, Ecole de mime corporel dramatique de Paris), th\u00e9\u00e2tre (Atelier M.A Revillon \u00e0 Aubervilliers), musique (conservatoire de Nice), chant (conservatoire de Valence)\u00a0, clown (Michel Dallaire, Pierre Pilate, Giora Seeliger, Pina Blankevoort), th\u00e9\u00e2tre d&rsquo;objet et marionnette (th\u00e9\u00e2tre de cuisine, Marseille, Ark\u00e9tal, ) &#8230; <\/span><\/span><\/p>\n<p align=\"JUSTIFY\"><span style=\"color: #000000;\"><span style=\"font-family: Arial,sans-serif;\">Magali Braconnot joue depuis 20 ans dans des spectacles de th\u00e9\u00e2tre, mime, commedia dell\u2019arte, th\u00e9\u00e2tre musical, de tr\u00e9teaux, d\u2019objet, de rue, de clown avec diverses compagnies : Th\u00e9\u00e2tre de cuisine (Marseille), Th\u00e9\u00e2tre des Asphod\u00e8les (Lyon), Cie du Kiosque (S\u00e8te), Enfant th\u00e9\u00e2tre (Suisse), Th\u00e9\u00e2tre de l\u2019Eucalyptus (Cavalaire), Cie Rousse et Robinson (Lyon), Collectif th\u00e9\u00e2tre Lila (Montpellier), Pat et Phil Cie (Valence), Nuits blanches en Cie (Marseille)&#8230;<\/span><\/span><\/p>\n<p align=\"JUSTIFY\"><span style=\"color: #000000;\"><span style=\"font-family: Arial,sans-serif;\">En 2004, elle cr\u00e9e <\/span><\/span><span style=\"color: #000000;\"><span style=\"font-family: Arial,sans-serif;\"><b>la Cie du Kafoutch\u2019<\/b><\/span><\/span><span style=\"color: #000000;\"><span style=\"font-family: Arial,sans-serif;\"> pour d\u00e9velopper ses propres activit\u00e9s artistiques : spectacles et livres-CD pour les tout-petits (<\/span><\/span><span style=\"color: #000000;\"><span style=\"font-family: Arial,sans-serif;\"><i><b>Fifi la farceuse <\/b><\/i><\/span><\/span><span style=\"color: #000000;\"><span style=\"font-family: Arial,sans-serif;\">; <\/span><\/span><span style=\"color: #000000;\"><span style=\"font-family: Arial,sans-serif;\"><i><b>Zaza et les Zanimos <\/b><\/i><\/span><\/span><span style=\"color: #000000;\"><span style=\"font-family: Arial,sans-serif;\">; <\/span><\/span><span style=\"color: #000000;\"><span style=\"font-family: Arial,sans-serif;\"><i><b>La Journ\u00e9e de Lila <\/b><\/i><\/span><\/span><span style=\"color: #000000;\"><span style=\"font-family: Arial,sans-serif;\">aux \u00e9ditions du Lutin Malin), ateliers th\u00e9\u00e2tre, mime et livres dans les \u00e9coles, les biblioth\u00e8ques, cr\u00e8ches, centres culturels, salons du livre,&#8230;<\/span><\/span><\/p>\n<p align=\"JUSTIFY\"><span style=\"font-family: Arial,sans-serif;\">En 2011 elle cr\u00e9e <\/span><span style=\"font-family: Arial,sans-serif;\"><b>\u00ab\u00a0Tralal\u00e8re\u00a0! la f\u00eate des tout petits \u00e0 Simiane Collongue\u00a0\u00bb,<\/b><\/span><span style=\"font-family: Arial,sans-serif;\"> \u00e9v\u00e9nement annuel artistique et culturel pour les 0-6 ans. En 2015 la manifestation d\u00e9m\u00e9nage \u00e0 Gr\u00e9asque et devient <strong>\u00ab\u00a0Tralala-lal\u00e8re !, le bain d&rsquo;art et de culture des tout petits\u00a0\u00bb. <\/strong><a href=\"http:\/\/www.tralala-tralalere.fr\">www.tralala-tralalere.fr<\/a><\/span><\/p>\n<p align=\"JUSTIFY\">Devant le succ\u00e8s rencontr\u00e9 par la manifestation, la Cie du Kafoutch&rsquo; devient l&rsquo;association d\u00e9di\u00e9e \u00e0 son organisation.<\/p>\n<p align=\"JUSTIFY\">Magali cr\u00e9e alors un nouvel outil de diffusion de ses cr\u00e9ations : <strong>Le Magik Bazar.<\/strong><\/p>\n<p align=\"JUSTIFY\">Il regroupe ses spectacles, ses prestations artistiques diverses : interventions, \u00e9critures, cr\u00e9ations plastiques, ateliers&#8230;<\/p>\n<p align=\"JUSTIFY\">En 2017 le service culture de la ville de Gardanne demande \u00e0 Magali Braconnot de cr\u00e9er un festival jeune et tr\u00e8s jeune public. Cette coop\u00e9ration donne naissance au festival <strong>\u00ab\u00a0Ohlala! le temps des petits\u00a0\u00bb<\/strong> en novembre 2017 (programmation de spectacles pour tout petits et familiaux, ateliers et animations en lien avec la semaine des droits de l&rsquo;enfant). <a href=\"http:\/\/ww.ohlala-festival.fr\">www.ohlala-festival.fr<\/a><\/p>\n<ul>\n<li><strong>Spectacles pour tout petits :<\/strong><\/li>\n<\/ul>\n<p align=\"JUSTIFY\">\u00ab\u00a0La journ\u00e9e de Lila\u00a0\u00bb<\/p>\n<p align=\"JUSTIFY\">\u00ab\u00a0Zaza et les zanimos\u00a0\u00bb<\/p>\n<ul>\n<li><strong>Pour maternelles et + \u00e0 partir de 3 ans :<\/strong><\/li>\n<\/ul>\n<p align=\"JUSTIFY\">\u00ab\u00a0Des ils et des elles\u00a0\u00bb<\/p>\n<ul>\n<li><strong>Familial et tout public :<\/strong><\/li>\n<\/ul>\n<p align=\"JUSTIFY\">\u00ab\u00a0Chansons de Kafoutch'\u00a0\u00bb<\/p>\n<p align=\"JUSTIFY\">\u00ab\u00a0La petite brocante de la chanson\u00a0\u00bb<\/p>\n<p style=\"text-align: center;\" align=\"JUSTIFY\"><a href=\"https:\/\/magikbazar.fr\/magik\/wp-content\/uploads\/2015\/10\/photos-MB1.jpg\"><img decoding=\"async\" loading=\"lazy\" class=\"alignnone size-medium wp-image-127\" src=\"https:\/\/magikbazar.fr\/magik\/wp-content\/uploads\/2015\/10\/photos-MB1-300x293.jpg\" alt=\"photos MB\" width=\"300\" height=\"293\" srcset=\"https:\/\/magikbazar.fr\/magik\/wp-content\/uploads\/2015\/10\/photos-MB1-300x293.jpg 300w, https:\/\/magikbazar.fr\/magik\/wp-content\/uploads\/2015\/10\/photos-MB1.jpg 608w\" sizes=\"(max-width: 300px) 100vw, 300px\" \/><\/a><\/p>\n<p style=\"text-align: center;\" align=\"JUSTIFY\"><a href=\"https:\/\/magikbazar.fr\/magik\/wp-content\/uploads\/2015\/10\/mag-AV2M.jpg\"><img decoding=\"async\" loading=\"lazy\" class=\"alignnone size-medium wp-image-100\" src=\"https:\/\/magikbazar.fr\/magik\/wp-content\/uploads\/2015\/10\/mag-AV2M-300x219.jpg\" alt=\"mag AV2M\" width=\"300\" height=\"219\" srcset=\"https:\/\/magikbazar.fr\/magik\/wp-content\/uploads\/2015\/10\/mag-AV2M-300x219.jpg 300w, https:\/\/magikbazar.fr\/magik\/wp-content\/uploads\/2015\/10\/mag-AV2M.jpg 474w\" sizes=\"(max-width: 300px) 100vw, 300px\" \/><\/a><\/p>\n<p style=\"text-align: center;\" align=\"JUSTIFY\"><a href=\"https:\/\/magikbazar.fr\/magik\/wp-content\/uploads\/2015\/10\/Mag-AV2M-2.jpg\"><img decoding=\"async\" loading=\"lazy\" class=\"alignnone size-medium wp-image-99\" src=\"https:\/\/magikbazar.fr\/magik\/wp-content\/uploads\/2015\/10\/Mag-AV2M-2-212x300.jpg\" alt=\"Mag AV2M-2\" width=\"212\" height=\"300\" srcset=\"https:\/\/magikbazar.fr\/magik\/wp-content\/uploads\/2015\/10\/Mag-AV2M-2-212x300.jpg 212w, https:\/\/magikbazar.fr\/magik\/wp-content\/uploads\/2015\/10\/Mag-AV2M-2.jpg 413w\" sizes=\"(max-width: 212px) 100vw, 212px\" \/><\/a><\/p>\n<p style=\"text-align: center;\" align=\"JUSTIFY\"><a href=\"https:\/\/magikbazar.fr\/magik\/wp-content\/uploads\/2015\/10\/Mag-scapin-2.jpg\"><img decoding=\"async\" loading=\"lazy\" class=\"alignnone size-medium wp-image-105\" src=\"https:\/\/magikbazar.fr\/magik\/wp-content\/uploads\/2015\/10\/Mag-scapin-2-300x198.jpg\" alt=\"Mag scapin 2\" width=\"300\" height=\"198\" srcset=\"https:\/\/magikbazar.fr\/magik\/wp-content\/uploads\/2015\/10\/Mag-scapin-2-300x198.jpg 300w, https:\/\/magikbazar.fr\/magik\/wp-content\/uploads\/2015\/10\/Mag-scapin-2.jpg 597w\" sizes=\"(max-width: 300px) 100vw, 300px\" \/><\/a><\/p>\n<p style=\"text-align: center;\" align=\"JUSTIFY\"><a href=\"https:\/\/magikbazar.fr\/magik\/wp-content\/uploads\/2015\/10\/Mag-OV.jpg\"><img decoding=\"async\" loading=\"lazy\" class=\"alignnone size-medium wp-image-103\" src=\"https:\/\/magikbazar.fr\/magik\/wp-content\/uploads\/2015\/10\/Mag-OV-292x300.jpg\" alt=\"Mag OV\" width=\"292\" height=\"300\" srcset=\"https:\/\/magikbazar.fr\/magik\/wp-content\/uploads\/2015\/10\/Mag-OV-292x300.jpg 292w, https:\/\/magikbazar.fr\/magik\/wp-content\/uploads\/2015\/10\/Mag-OV.jpg 572w\" sizes=\"(max-width: 292px) 100vw, 292px\" \/><\/a><\/p>\n<p style=\"text-align: center;\" align=\"JUSTIFY\"><a href=\"https:\/\/magikbazar.fr\/magik\/wp-content\/uploads\/2015\/10\/Mag-portrait.jpg\"><img decoding=\"async\" loading=\"lazy\" class=\"alignnone size-medium wp-image-104\" src=\"https:\/\/magikbazar.fr\/magik\/wp-content\/uploads\/2015\/10\/Mag-portrait-214x300.jpg\" alt=\"Mag portrait\" width=\"214\" height=\"300\" srcset=\"https:\/\/magikbazar.fr\/magik\/wp-content\/uploads\/2015\/10\/Mag-portrait-214x300.jpg 214w, https:\/\/magikbazar.fr\/magik\/wp-content\/uploads\/2015\/10\/Mag-portrait.jpg 420w\" sizes=\"(max-width: 214px) 100vw, 214px\" \/><\/a><\/p>\n<p style=\"text-align: center;\" align=\"JUSTIFY\"><a href=\"https:\/\/magikbazar.fr\/magik\/wp-content\/uploads\/2015\/10\/Mag-Scapin.jpg\"><img decoding=\"async\" loading=\"lazy\" class=\"alignnone size-medium wp-image-106\" src=\"https:\/\/magikbazar.fr\/magik\/wp-content\/uploads\/2015\/10\/Mag-Scapin-249x300.jpg\" alt=\"Mag Scapin\" width=\"249\" height=\"300\" srcset=\"https:\/\/magikbazar.fr\/magik\/wp-content\/uploads\/2015\/10\/Mag-Scapin-249x300.jpg 249w, https:\/\/magikbazar.fr\/magik\/wp-content\/uploads\/2015\/10\/Mag-Scapin.jpg 487w\" sizes=\"(max-width: 249px) 100vw, 249px\" \/><\/a><\/p>\n<p style=\"text-align: center;\" align=\"JUSTIFY\"><a href=\"https:\/\/magikbazar.fr\/magik\/wp-content\/uploads\/2015\/10\/Mag-CD.jpg\"><img decoding=\"async\" loading=\"lazy\" class=\"alignnone size-medium wp-image-101\" src=\"https:\/\/magikbazar.fr\/magik\/wp-content\/uploads\/2015\/10\/Mag-CD-300x224.jpg\" alt=\"Mag CD\" width=\"300\" height=\"224\" srcset=\"https:\/\/magikbazar.fr\/magik\/wp-content\/uploads\/2015\/10\/Mag-CD-300x224.jpg 300w, https:\/\/magikbazar.fr\/magik\/wp-content\/uploads\/2015\/10\/Mag-CD.jpg 499w\" sizes=\"(max-width: 300px) 100vw, 300px\" \/><\/a><\/p>\n<p style=\"text-align: center;\" align=\"JUSTIFY\"><a href=\"https:\/\/magikbazar.fr\/magik\/wp-content\/uploads\/2015\/10\/Mag-Lyon.jpg\"><img decoding=\"async\" loading=\"lazy\" class=\"alignnone size-medium wp-image-102\" src=\"https:\/\/magikbazar.fr\/magik\/wp-content\/uploads\/2015\/10\/Mag-Lyon-300x222.jpg\" alt=\"Mag Lyon\" width=\"300\" height=\"222\" srcset=\"https:\/\/magikbazar.fr\/magik\/wp-content\/uploads\/2015\/10\/Mag-Lyon-300x222.jpg 300w, https:\/\/magikbazar.fr\/magik\/wp-content\/uploads\/2015\/10\/Mag-Lyon.jpg 780w\" sizes=\"(max-width: 300px) 100vw, 300px\" \/><\/a><\/p>\n<p style=\"text-align: center;\" align=\"JUSTIFY\"><a href=\"https:\/\/magikbazar.fr\/magik\/wp-content\/uploads\/2015\/10\/Mag-violon.jpg\"><img decoding=\"async\" loading=\"lazy\" class=\"alignnone size-medium wp-image-107\" src=\"https:\/\/magikbazar.fr\/magik\/wp-content\/uploads\/2015\/10\/Mag-violon-300x238.jpg\" alt=\"Mag violon\" width=\"300\" height=\"238\" srcset=\"https:\/\/magikbazar.fr\/magik\/wp-content\/uploads\/2015\/10\/Mag-violon-300x238.jpg 300w, https:\/\/magikbazar.fr\/magik\/wp-content\/uploads\/2015\/10\/Mag-violon.jpg 727w\" sizes=\"(max-width: 300px) 100vw, 300px\" \/><\/a><\/p>\n<p style=\"text-align: center;\" align=\"JUSTIFY\"><a href=\"https:\/\/magikbazar.fr\/magik\/wp-content\/uploads\/2018\/02\/IMG_2799.jpg\"><img decoding=\"async\" loading=\"lazy\" class=\"alignnone size-medium wp-image-311\" src=\"https:\/\/magikbazar.fr\/magik\/wp-content\/uploads\/2018\/02\/IMG_2799-225x300.jpg\" alt=\"\" width=\"225\" height=\"300\" srcset=\"https:\/\/magikbazar.fr\/magik\/wp-content\/uploads\/2018\/02\/IMG_2799-225x300.jpg 225w, https:\/\/magikbazar.fr\/magik\/wp-content\/uploads\/2018\/02\/IMG_2799.jpg 435w\" sizes=\"(max-width: 225px) 100vw, 225px\" \/><\/a><\/p>\n<p style=\"text-align: center;\" align=\"JUSTIFY\"><a href=\"https:\/\/magikbazar.fr\/magik\/wp-content\/uploads\/2018\/02\/Mag-vieille-photo.jpg\"><img decoding=\"async\" loading=\"lazy\" class=\"alignnone size-medium wp-image-313\" src=\"https:\/\/magikbazar.fr\/magik\/wp-content\/uploads\/2018\/02\/Mag-vieille-photo-300x225.jpg\" alt=\"\" width=\"300\" height=\"225\" srcset=\"https:\/\/magikbazar.fr\/magik\/wp-content\/uploads\/2018\/02\/Mag-vieille-photo-300x225.jpg 300w, https:\/\/magikbazar.fr\/magik\/wp-content\/uploads\/2018\/02\/Mag-vieille-photo.jpg 568w\" sizes=\"(max-width: 300px) 100vw, 300px\" \/><\/a><\/p>\n","protected":false},"excerpt":{"rendered":"<p>MAGALI BRACONNOT Com\u00e9dienne, chanteuse, Auteure Form\u00e9e de mani\u00e8re pluridisciplinaire : mime (Atelier Guy Benhaim \u00e0 Nice, Ecole de mime corporel dramatique de Paris), th\u00e9\u00e2tre (Atelier M.A Revillon \u00e0 Aubervilliers), musique (conservatoire de Nice), chant (conservatoire de Valence)\u00a0, clown (Michel Dallaire, Pierre Pilate, Giora Seeliger, Pina Blankevoort), th\u00e9\u00e2tre d&rsquo;objet et marionnette (th\u00e9\u00e2tre de cuisine, Marseille, Ark\u00e9tal,&hellip;<\/p>\n","protected":false},"author":2,"featured_media":0,"parent":0,"menu_order":0,"comment_status":"closed","ping_status":"closed","template":"","meta":[],"_links":{"self":[{"href":"https:\/\/magikbazar.fr\/magik\/wp-json\/wp\/v2\/pages\/21"}],"collection":[{"href":"https:\/\/magikbazar.fr\/magik\/wp-json\/wp\/v2\/pages"}],"about":[{"href":"https:\/\/magikbazar.fr\/magik\/wp-json\/wp\/v2\/types\/page"}],"author":[{"embeddable":true,"href":"https:\/\/magikbazar.fr\/magik\/wp-json\/wp\/v2\/users\/2"}],"replies":[{"embeddable":true,"href":"https:\/\/magikbazar.fr\/magik\/wp-json\/wp\/v2\/comments?post=21"}],"version-history":[{"count":9,"href":"https:\/\/magikbazar.fr\/magik\/wp-json\/wp\/v2\/pages\/21\/revisions"}],"predecessor-version":[{"id":315,"href":"https:\/\/magikbazar.fr\/magik\/wp-json\/wp\/v2\/pages\/21\/revisions\/315"}],"wp:attachment":[{"href":"https:\/\/magikbazar.fr\/magik\/wp-json\/wp\/v2\/media?parent=21"}],"curies":[{"name":"wp","href":"https:\/\/api.w.org\/{rel}","templated":true}]}}