{"id":207,"date":"2016-09-28T22:02:06","date_gmt":"2016-09-28T21:02:06","guid":{"rendered":"http:\/\/www.magikbazar.fr\/?page_id=207"},"modified":"2017-11-24T18:52:15","modified_gmt":"2017-11-24T17:52:15","slug":"ludo-recup","status":"publish","type":"page","link":"https:\/\/magikbazar.fr\/magik\/ludo-recup\/","title":{"rendered":"Ludo-d\u00e9guisoth\u00e8que"},"content":{"rendered":"<p><span style=\"color: #ff6600;\"><strong>Une ludoth\u00e8que sur mesure pour vos \u00e9v\u00e9nements.<\/strong><\/span><\/p>\n<p>Pour tout petits et plus grands, des jeux cr\u00e9\u00e9s en mat\u00e9riaux de r\u00e9cup\u00e9ration, invent\u00e9s pour l&rsquo;occasion ou classiques revisit\u00e9s.<\/p>\n<p>Le dispositif s&rsquo;installe en int\u00e9rieur ou ext\u00e9rieur selon les besoins.<\/p>\n<p>La ludo recup&rsquo; peut s&rsquo;accompagner d&rsquo;un atelier de fabrication de jeux en recup&rsquo;.<\/p>\n<p><a href=\"https:\/\/magikbazar.fr\/magik\/contact\/\">Devis sur demande.<\/a><\/p>\n<div id='gallery-1' class='gallery galleryid-207 gallery-columns-3 gallery-size-medium'><figure class='gallery-item'>\n\t\t\t<div class='gallery-icon landscape'>\n\t\t\t\t<a href='https:\/\/magikbazar.fr\/magik\/img_3357\/'><img width=\"300\" height=\"224\" src=\"https:\/\/magikbazar.fr\/magik\/wp-content\/uploads\/2017\/11\/IMG_3357-300x224.jpg\" class=\"attachment-medium size-medium\" alt=\"\" decoding=\"async\" loading=\"lazy\" srcset=\"https:\/\/magikbazar.fr\/magik\/wp-content\/uploads\/2017\/11\/IMG_3357-300x224.jpg 300w, https:\/\/magikbazar.fr\/magik\/wp-content\/uploads\/2017\/11\/IMG_3357-768x574.jpg 768w, https:\/\/magikbazar.fr\/magik\/wp-content\/uploads\/2017\/11\/IMG_3357-1024x765.jpg 1024w, https:\/\/magikbazar.fr\/magik\/wp-content\/uploads\/2017\/11\/IMG_3357-1920x1434.jpg 1920w\" sizes=\"(max-width: 300px) 100vw, 300px\" \/><\/a>\n\t\t\t<\/div><\/figure><figure class='gallery-item'>\n\t\t\t<div class='gallery-icon landscape'>\n\t\t\t\t<a href='https:\/\/magikbazar.fr\/magik\/img_3354\/'><img width=\"300\" height=\"224\" src=\"https:\/\/magikbazar.fr\/magik\/wp-content\/uploads\/2017\/11\/IMG_3354-300x224.jpg\" class=\"attachment-medium size-medium\" alt=\"\" decoding=\"async\" loading=\"lazy\" srcset=\"https:\/\/magikbazar.fr\/magik\/wp-content\/uploads\/2017\/11\/IMG_3354-300x224.jpg 300w, https:\/\/magikbazar.fr\/magik\/wp-content\/uploads\/2017\/11\/IMG_3354-768x574.jpg 768w, https:\/\/magikbazar.fr\/magik\/wp-content\/uploads\/2017\/11\/IMG_3354-1024x765.jpg 1024w, https:\/\/magikbazar.fr\/magik\/wp-content\/uploads\/2017\/11\/IMG_3354-1920x1434.jpg 1920w\" sizes=\"(max-width: 300px) 100vw, 300px\" \/><\/a>\n\t\t\t<\/div><\/figure><figure class='gallery-item'>\n\t\t\t<div class='gallery-icon landscape'>\n\t\t\t\t<a href='https:\/\/magikbazar.fr\/magik\/ludo-recup\/memory-geant\/'><img width=\"300\" height=\"201\" src=\"https:\/\/magikbazar.fr\/magik\/wp-content\/uploads\/2016\/09\/memory-g\u00e9ant-300x201.jpg\" class=\"attachment-medium size-medium\" alt=\"\" decoding=\"async\" loading=\"lazy\" srcset=\"https:\/\/magikbazar.fr\/magik\/wp-content\/uploads\/2016\/09\/memory-g\u00e9ant-300x201.jpg 300w, https:\/\/magikbazar.fr\/magik\/wp-content\/uploads\/2016\/09\/memory-g\u00e9ant.jpg 320w\" sizes=\"(max-width: 300px) 100vw, 300px\" \/><\/a>\n\t\t\t<\/div><\/figure><figure class='gallery-item'>\n\t\t\t<div class='gallery-icon portrait'>\n\t\t\t\t<a href='https:\/\/magikbazar.fr\/magik\/jeu-des-sucettes-2\/'><img width=\"201\" height=\"300\" src=\"https:\/\/magikbazar.fr\/magik\/wp-content\/uploads\/2016\/09\/jeu-des-sucettes-2-201x300.jpg\" class=\"attachment-medium size-medium\" alt=\"\" decoding=\"async\" loading=\"lazy\" srcset=\"https:\/\/magikbazar.fr\/magik\/wp-content\/uploads\/2016\/09\/jeu-des-sucettes-2-201x300.jpg 201w, https:\/\/magikbazar.fr\/magik\/wp-content\/uploads\/2016\/09\/jeu-des-sucettes-2.jpg 214w\" sizes=\"(max-width: 201px) 100vw, 201px\" \/><\/a>\n\t\t\t<\/div><\/figure><figure class='gallery-item'>\n\t\t\t<div class='gallery-icon landscape'>\n\t\t\t\t<a href='https:\/\/magikbazar.fr\/magik\/ludo-recup\/jeu-de-lodorat\/'><img width=\"300\" height=\"201\" src=\"https:\/\/magikbazar.fr\/magik\/wp-content\/uploads\/2016\/09\/jeu-de-lodorat-300x201.jpg\" class=\"attachment-medium size-medium\" alt=\"\" decoding=\"async\" loading=\"lazy\" srcset=\"https:\/\/magikbazar.fr\/magik\/wp-content\/uploads\/2016\/09\/jeu-de-lodorat-300x201.jpg 300w, https:\/\/magikbazar.fr\/magik\/wp-content\/uploads\/2016\/09\/jeu-de-lodorat.jpg 320w\" sizes=\"(max-width: 300px) 100vw, 300px\" \/><\/a>\n\t\t\t<\/div><\/figure><figure class='gallery-item'>\n\t\t\t<div class='gallery-icon landscape'>\n\t\t\t\t<a href='https:\/\/magikbazar.fr\/magik\/ludo-recup\/dessin-graines-3\/'><img width=\"300\" height=\"201\" src=\"https:\/\/magikbazar.fr\/magik\/wp-content\/uploads\/2016\/09\/dessin-graines-3-300x201.jpg\" class=\"attachment-medium size-medium\" alt=\"\" decoding=\"async\" loading=\"lazy\" srcset=\"https:\/\/magikbazar.fr\/magik\/wp-content\/uploads\/2016\/09\/dessin-graines-3-300x201.jpg 300w, https:\/\/magikbazar.fr\/magik\/wp-content\/uploads\/2016\/09\/dessin-graines-3.jpg 320w\" sizes=\"(max-width: 300px) 100vw, 300px\" \/><\/a>\n\t\t\t<\/div><\/figure><figure class='gallery-item'>\n\t\t\t<div class='gallery-icon landscape'>\n\t\t\t\t<a href='https:\/\/magikbazar.fr\/magik\/ludo-recup\/dessin-graines-5\/'><img width=\"300\" height=\"201\" src=\"https:\/\/magikbazar.fr\/magik\/wp-content\/uploads\/2016\/09\/dessin-graines-5-300x201.jpg\" class=\"attachment-medium size-medium\" alt=\"\" decoding=\"async\" loading=\"lazy\" srcset=\"https:\/\/magikbazar.fr\/magik\/wp-content\/uploads\/2016\/09\/dessin-graines-5-300x201.jpg 300w, https:\/\/magikbazar.fr\/magik\/wp-content\/uploads\/2016\/09\/dessin-graines-5.jpg 320w\" sizes=\"(max-width: 300px) 100vw, 300px\" \/><\/a>\n\t\t\t<\/div><\/figure><figure class='gallery-item'>\n\t\t\t<div class='gallery-icon landscape'>\n\t\t\t\t<a href='https:\/\/magikbazar.fr\/magik\/ludo-recup\/img_6277\/'><img width=\"300\" height=\"201\" src=\"https:\/\/magikbazar.fr\/magik\/wp-content\/uploads\/2016\/09\/IMG_6277-300x201.jpg\" class=\"attachment-medium size-medium\" alt=\"\" decoding=\"async\" loading=\"lazy\" srcset=\"https:\/\/magikbazar.fr\/magik\/wp-content\/uploads\/2016\/09\/IMG_6277-300x201.jpg 300w, https:\/\/magikbazar.fr\/magik\/wp-content\/uploads\/2016\/09\/IMG_6277.jpg 320w\" sizes=\"(max-width: 300px) 100vw, 300px\" \/><\/a>\n\t\t\t<\/div><\/figure><figure class='gallery-item'>\n\t\t\t<div class='gallery-icon landscape'>\n\t\t\t\t<a href='https:\/\/magikbazar.fr\/magik\/ludo-recup\/vue-ensemble\/'><img width=\"300\" height=\"201\" src=\"https:\/\/magikbazar.fr\/magik\/wp-content\/uploads\/2016\/09\/vue-ensemble-300x201.jpg\" class=\"attachment-medium size-medium\" alt=\"\" decoding=\"async\" loading=\"lazy\" srcset=\"https:\/\/magikbazar.fr\/magik\/wp-content\/uploads\/2016\/09\/vue-ensemble-300x201.jpg 300w, https:\/\/magikbazar.fr\/magik\/wp-content\/uploads\/2016\/09\/vue-ensemble.jpg 320w\" sizes=\"(max-width: 300px) 100vw, 300px\" \/><\/a>\n\t\t\t<\/div><\/figure><figure class='gallery-item'>\n\t\t\t<div class='gallery-icon landscape'>\n\t\t\t\t<a href='https:\/\/magikbazar.fr\/magik\/ludo-recup\/img_1624\/'><img width=\"300\" height=\"224\" src=\"https:\/\/magikbazar.fr\/magik\/wp-content\/uploads\/2016\/08\/IMG_1624-300x224.jpg\" class=\"attachment-medium size-medium\" alt=\"\" decoding=\"async\" loading=\"lazy\" srcset=\"https:\/\/magikbazar.fr\/magik\/wp-content\/uploads\/2016\/08\/IMG_1624-300x224.jpg 300w, https:\/\/magikbazar.fr\/magik\/wp-content\/uploads\/2016\/08\/IMG_1624-768x574.jpg 768w, https:\/\/magikbazar.fr\/magik\/wp-content\/uploads\/2016\/08\/IMG_1624-1024x765.jpg 1024w, https:\/\/magikbazar.fr\/magik\/wp-content\/uploads\/2016\/08\/IMG_1624-1920x1434.jpg 1920w\" sizes=\"(max-width: 300px) 100vw, 300px\" \/><\/a>\n\t\t\t<\/div><\/figure><figure class='gallery-item'>\n\t\t\t<div class='gallery-icon landscape'>\n\t\t\t\t<a href='https:\/\/magikbazar.fr\/magik\/ateliers\/img_1625\/'><img width=\"300\" height=\"224\" src=\"https:\/\/magikbazar.fr\/magik\/wp-content\/uploads\/2016\/08\/IMG_1625-300x224.jpg\" class=\"attachment-medium size-medium\" alt=\"\" decoding=\"async\" loading=\"lazy\" srcset=\"https:\/\/magikbazar.fr\/magik\/wp-content\/uploads\/2016\/08\/IMG_1625-300x224.jpg 300w, https:\/\/magikbazar.fr\/magik\/wp-content\/uploads\/2016\/08\/IMG_1625-768x574.jpg 768w, https:\/\/magikbazar.fr\/magik\/wp-content\/uploads\/2016\/08\/IMG_1625-1024x765.jpg 1024w, https:\/\/magikbazar.fr\/magik\/wp-content\/uploads\/2016\/08\/IMG_1625-1920x1434.jpg 1920w\" sizes=\"(max-width: 300px) 100vw, 300px\" \/><\/a>\n\t\t\t<\/div><\/figure>\n\t\t<\/div>\n\n<p style=\"text-align: left;\"><span style=\"color: #ff6600;\"><strong>La d\u00e9guisoth\u00e8que :<\/strong><\/span><\/p>\n<p style=\"text-align: left;\">Des d\u00e9guisements en pr\u00eat pour une manifestation, kermesse etc&#8230;<\/p>\n<p style=\"text-align: left;\"><a href=\"https:\/\/magikbazar.fr\/magik\/contact\/\">Devis sur demande<\/a><\/p>\n<div id='gallery-2' class='gallery galleryid-207 gallery-columns-3 gallery-size-medium'><figure class='gallery-item'>\n\t\t\t<div class='gallery-icon portrait'>\n\t\t\t\t<a href='https:\/\/magikbazar.fr\/magik\/img_3347\/'><img width=\"224\" height=\"300\" src=\"https:\/\/magikbazar.fr\/magik\/wp-content\/uploads\/2017\/11\/IMG_3347-e1511544986214-224x300.jpg\" class=\"attachment-medium size-medium\" alt=\"\" decoding=\"async\" loading=\"lazy\" srcset=\"https:\/\/magikbazar.fr\/magik\/wp-content\/uploads\/2017\/11\/IMG_3347-e1511544986214-224x300.jpg 224w, https:\/\/magikbazar.fr\/magik\/wp-content\/uploads\/2017\/11\/IMG_3347-e1511544986214-768x1028.jpg 768w, https:\/\/magikbazar.fr\/magik\/wp-content\/uploads\/2017\/11\/IMG_3347-e1511544986214-765x1024.jpg 765w, https:\/\/magikbazar.fr\/magik\/wp-content\/uploads\/2017\/11\/IMG_3347-e1511544986214-1920x2571.jpg 1920w, https:\/\/magikbazar.fr\/magik\/wp-content\/uploads\/2017\/11\/IMG_3347-e1511544986214.jpg 1936w\" sizes=\"(max-width: 224px) 100vw, 224px\" \/><\/a>\n\t\t\t<\/div><\/figure><figure class='gallery-item'>\n\t\t\t<div class='gallery-icon portrait'>\n\t\t\t\t<a href='https:\/\/magikbazar.fr\/magik\/img_3352\/'><img width=\"224\" height=\"300\" src=\"https:\/\/magikbazar.fr\/magik\/wp-content\/uploads\/2017\/11\/IMG_3352-e1511544916910-224x300.jpg\" class=\"attachment-medium size-medium\" alt=\"\" decoding=\"async\" loading=\"lazy\" srcset=\"https:\/\/magikbazar.fr\/magik\/wp-content\/uploads\/2017\/11\/IMG_3352-e1511544916910-224x300.jpg 224w, https:\/\/magikbazar.fr\/magik\/wp-content\/uploads\/2017\/11\/IMG_3352-e1511544916910-768x1028.jpg 768w, https:\/\/magikbazar.fr\/magik\/wp-content\/uploads\/2017\/11\/IMG_3352-e1511544916910-765x1024.jpg 765w, https:\/\/magikbazar.fr\/magik\/wp-content\/uploads\/2017\/11\/IMG_3352-e1511544916910-1920x2571.jpg 1920w, https:\/\/magikbazar.fr\/magik\/wp-content\/uploads\/2017\/11\/IMG_3352-e1511544916910.jpg 1936w\" sizes=\"(max-width: 224px) 100vw, 224px\" \/><\/a>\n\t\t\t<\/div><\/figure><figure class='gallery-item'>\n\t\t\t<div class='gallery-icon portrait'>\n\t\t\t\t<a href='https:\/\/magikbazar.fr\/magik\/img_3349\/'><img width=\"224\" height=\"300\" src=\"https:\/\/magikbazar.fr\/magik\/wp-content\/uploads\/2017\/11\/IMG_3349-e1511544967217-224x300.jpg\" class=\"attachment-medium size-medium\" alt=\"\" decoding=\"async\" loading=\"lazy\" srcset=\"https:\/\/magikbazar.fr\/magik\/wp-content\/uploads\/2017\/11\/IMG_3349-e1511544967217-224x300.jpg 224w, https:\/\/magikbazar.fr\/magik\/wp-content\/uploads\/2017\/11\/IMG_3349-e1511544967217-768x1028.jpg 768w, https:\/\/magikbazar.fr\/magik\/wp-content\/uploads\/2017\/11\/IMG_3349-e1511544967217-765x1024.jpg 765w, https:\/\/magikbazar.fr\/magik\/wp-content\/uploads\/2017\/11\/IMG_3349-e1511544967217-1920x2571.jpg 1920w, https:\/\/magikbazar.fr\/magik\/wp-content\/uploads\/2017\/11\/IMG_3349-e1511544967217.jpg 1936w\" sizes=\"(max-width: 224px) 100vw, 224px\" \/><\/a>\n\t\t\t<\/div><\/figure><figure class='gallery-item'>\n\t\t\t<div class='gallery-icon landscape'>\n\t\t\t\t<a href='https:\/\/magikbazar.fr\/magik\/img_3353\/'><img width=\"300\" height=\"224\" src=\"https:\/\/magikbazar.fr\/magik\/wp-content\/uploads\/2017\/11\/IMG_3353-300x224.jpg\" class=\"attachment-medium size-medium\" alt=\"\" decoding=\"async\" loading=\"lazy\" srcset=\"https:\/\/magikbazar.fr\/magik\/wp-content\/uploads\/2017\/11\/IMG_3353-300x224.jpg 300w, https:\/\/magikbazar.fr\/magik\/wp-content\/uploads\/2017\/11\/IMG_3353-768x574.jpg 768w, https:\/\/magikbazar.fr\/magik\/wp-content\/uploads\/2017\/11\/IMG_3353-1024x765.jpg 1024w, https:\/\/magikbazar.fr\/magik\/wp-content\/uploads\/2017\/11\/IMG_3353-1920x1434.jpg 1920w\" sizes=\"(max-width: 300px) 100vw, 300px\" \/><\/a>\n\t\t\t<\/div><\/figure>\n\t\t<\/div>\n\n<p>&nbsp;<\/p>\n<p>&nbsp;<\/p>\n<p>&nbsp;<\/p>\n","protected":false},"excerpt":{"rendered":"<p>Une ludoth\u00e8que sur mesure pour vos \u00e9v\u00e9nements. Pour tout petits et plus grands, des jeux cr\u00e9\u00e9s en mat\u00e9riaux de r\u00e9cup\u00e9ration, invent\u00e9s pour l&rsquo;occasion ou classiques revisit\u00e9s. Le dispositif s&rsquo;installe en int\u00e9rieur ou ext\u00e9rieur selon les besoins. La ludo recup&rsquo; peut s&rsquo;accompagner d&rsquo;un atelier de fabrication de jeux en recup&rsquo;. Devis sur demande. La d\u00e9guisoth\u00e8que :&hellip;<\/p>\n","protected":false},"author":2,"featured_media":0,"parent":0,"menu_order":0,"comment_status":"closed","ping_status":"closed","template":"","meta":[],"_links":{"self":[{"href":"https:\/\/magikbazar.fr\/magik\/wp-json\/wp\/v2\/pages\/207"}],"collection":[{"href":"https:\/\/magikbazar.fr\/magik\/wp-json\/wp\/v2\/pages"}],"about":[{"href":"https:\/\/magikbazar.fr\/magik\/wp-json\/wp\/v2\/types\/page"}],"author":[{"embeddable":true,"href":"https:\/\/magikbazar.fr\/magik\/wp-json\/wp\/v2\/users\/2"}],"replies":[{"embeddable":true,"href":"https:\/\/magikbazar.fr\/magik\/wp-json\/wp\/v2\/comments?post=207"}],"version-history":[{"count":9,"href":"https:\/\/magikbazar.fr\/magik\/wp-json\/wp\/v2\/pages\/207\/revisions"}],"predecessor-version":[{"id":278,"href":"https:\/\/magikbazar.fr\/magik\/wp-json\/wp\/v2\/pages\/207\/revisions\/278"}],"wp:attachment":[{"href":"https:\/\/magikbazar.fr\/magik\/wp-json\/wp\/v2\/media?parent=207"}],"curies":[{"name":"wp","href":"https:\/\/api.w.org\/{rel}","templated":true}]}}