{"id":192,"date":"2016-08-31T21:59:13","date_gmt":"2016-08-31T20:59:13","guid":{"rendered":"http:\/\/www.magikbazar.fr\/?page_id=192"},"modified":"2018-02-23T15:35:27","modified_gmt":"2018-02-23T14:35:27","slug":"atelier-creation-de-livre","status":"publish","type":"page","link":"https:\/\/magikbazar.fr\/magik\/atelier-creation-de-livre\/","title":{"rendered":"Atelier cr\u00e9ation de livre"},"content":{"rendered":"<p style=\"text-align: center;\">\n<style type=\"text\/css\">\n\t<!-- @page { margin: 2cm } P { margin-bottom: 0.21cm } --><br \/>\t<\/style>\n<\/p>\n<p><span style=\"color: #eb613d;\"><span style=\"font-family: Times-Roman, serif;\"><span style=\"font-size: large;\"><b>Ateliers de r\u00e9alisation d\u2019un livre<\/b><\/span><\/span><\/span><\/p>\n<p align=\"CENTER\"><span style=\"color: #eb613d;\"><span style=\"font-size: large;\"><b><span style=\"font-family: Times-Roman, serif;\">de A \u00e0 Z\u00a0!<\/span><\/b><\/span><\/span><\/p>\n<p align=\"CENTER\"><a href=\"https:\/\/magikbazar.fr\/magik\/wp-content\/uploads\/2016\/08\/IMG_6155.jpeg\"><img decoding=\"async\" loading=\"lazy\" class=\"alignnone size-medium wp-image-164\" src=\"https:\/\/magikbazar.fr\/magik\/wp-content\/uploads\/2016\/08\/IMG_6155-300x201.jpeg\" alt=\"IMG_6155\" width=\"300\" height=\"201\" srcset=\"https:\/\/magikbazar.fr\/magik\/wp-content\/uploads\/2016\/08\/IMG_6155-300x201.jpeg 300w, https:\/\/magikbazar.fr\/magik\/wp-content\/uploads\/2016\/08\/IMG_6155.jpeg 320w\" sizes=\"(max-width: 300px) 100vw, 300px\" \/><\/a><\/p>\n<p align=\"CENTER\"><span style=\"color: #000000;\"><span style=\"font-family: Times-Roman, serif;\"><span style=\"font-size: small;\">Propos\u00e9 par\u00a0: M<\/span><\/span><\/span><span style=\"color: #000000;\"><span style=\"font-family: Times-Italic, serif;\"><span style=\"font-size: small;\"><i>agali Braconnot<\/i><\/span><\/span><\/span><\/p>\n<p align=\"CENTER\"><span style=\"color: #000000;\"><span style=\"font-family: Times-Italic, serif;\"><span style=\"font-size: small;\"><i>Com\u00e9dienne, auteure de livres jeunesse<\/i><\/span><\/span><\/span><\/p>\n<p><span style=\"color: #ff6600;\">\u25a0 <span style=\"font-family: Times-Bold, serif;\"><span style=\"font-size: medium;\"><b>OBJECTIF\u00a0: <\/b><\/span><\/span><\/span><\/p>\n<p><span style=\"color: #000000;\"><span style=\"font-family: Times-Bold, serif;\"><span style=\"font-size: medium;\">R\u00e9aliser un livre de A \u00e0 Z : <\/span><\/span><span style=\"font-family: Times-Bold, serif;\"><span style=\"font-size: medium;\">inventer une histoire, cr\u00e9er les illustrations, le faire imprimer.<\/span><\/span><\/span><\/p>\n<p><span style=\"color: #ff6600;\">\u25a0 <span style=\"font-family: Times-Bold, serif;\"><span style=\"font-size: medium;\"><b>PUBLIC CIBLE : <\/b><\/span><\/span><\/span><\/p>\n<p><span style=\"color: #000000;\"><span style=\"font-family: Times-Bold, serif;\"><span style=\"font-size: medium;\">Enfants de 4 \u00e0 12 ans, \u00e9coles, centres de loisirs, m\u00e9diath\u00e8ques.<\/span><\/span><\/span><\/p>\n<p><span style=\"color: #000000;\"><span style=\"font-family: Times-Roman, serif;\"><span style=\"font-size: medium;\">Par petits groupes de 10 maximum<\/span><\/span><\/span><\/p>\n<p><span style=\"color: #ff6600;\">\u25a0 <span style=\"font-family: Times-Bold, serif;\"><span style=\"font-size: medium;\"><b>LES ATELIERS <\/b><\/span><\/span><\/span><\/p>\n<p align=\"JUSTIFY\"><span style=\"color: #000000;\"><span style=\"font-family: Times-Italic, serif;\"><span style=\"font-size: small;\"><b>Avec des maternelles (4-6 ans):<\/b> s\u00e9ances de 30 minutes par groupe.<\/span><\/span><\/span><\/p>\n<p align=\"JUSTIFY\"><span style=\"color: #000000;\"><span style=\"font-family: Times-Italic, serif;\"><span style=\"font-size: small;\"><b>Avec des \u00e9l\u00e9mentaires (6-12 ans)\u00a0: <\/b>entre 45 minutes et une heure selon l\u2019\u00e2ge et le projet<\/span><\/span><\/span><\/p>\n<p align=\"JUSTIFY\"><span style=\"color: #000000;\"><span style=\"font-family: Times-Italic, serif;\"><span style=\"font-size: small;\">Selon le projet les s\u00e9ances sont plus ou moins nombreuses, \u00e0 titre d&rsquo;exemple un projet d&rsquo;\u00e9cole peut \u00eatre r\u00e9alis\u00e9 en 6 s\u00e9ances\u00a0:<\/span><\/span><\/span><\/p>\n<p align=\"JUSTIFY\"><span style=\"color: #000000;\"><span style=\"font-family: Times-Italic, serif;\"><span style=\"font-size: small;\">4 s\u00e9ances de cr\u00e9ation de l\u2019histoire et 2 pour les illustrations\/photos.<\/span><\/span><\/span><\/p>\n<p><span style=\"color: #ff6600;\"><span style=\"font-family: Times-Bold, serif;\"><span style=\"font-size: large;\"><b>D\u00e9roulement des ateliers\u00a0:<\/b><\/span><\/span><\/span><\/p>\n<p align=\"JUSTIFY\"><span style=\"color: #000000;\"><span style=\"font-family: Times-Italic, serif;\"><span style=\"font-size: small;\">Les ateliers se d\u00e9roulent en petits groupes (10 maxi). La cr\u00e9ation de l\u2019histoire se fait \u00e0 partir d\u2019une technique mise au point par Magali Braconnot autour du th\u00e9\u00e2tre d\u2019objet. Apr\u00e8s une s\u00e9ance pour comprendre comment on construit une histoire, les autres sont consacr\u00e9es \u00e0 la recherche des \u00e9l\u00e9ments qui vont constituer l\u2019histoire du livre, en jouant avec la m\u00e9thode autour des objets : choix des personnages, des lieux, des probl\u00e9matiques et des solutions. L\u2019intervenante coordonne la construction de l\u2019histoire et sa r\u00e9daction au fur et \u00e0 mesure. Chaque s\u00e9ance pr\u00e9cise l\u2019intrigue et sa r\u00e9solution. Les 2 derni\u00e8res s\u00e9ances sont consacr\u00e9es aux illustrations en arts plastiques et avec des des photos de mise en sc\u00e8ne de l\u2019histoire (les enfants jouent les personnages avec costumes).<\/span><\/span><\/span><\/p>\n<p align=\"JUSTIFY\"><span style=\"color: #000000;\"><span style=\"font-family: Times-Italic, serif;\"><span style=\"font-size: small;\">La mise en page de l\u2019ensemble est effectu\u00e9e par une illustratrice professionnelle.<\/span><\/span><\/span><\/p>\n<p align=\"JUSTIFY\"><span style=\"color: #000000;\"><span style=\"font-family: Times-Roman, serif;\"><span style=\"font-size: small;\">Possibilit\u00e9 de r\u00e9aliser un spectacle avec la m\u00eame m\u00e9thode de base pour l\u2019\u00e9criture du spectacle.<\/span><\/span><\/span><\/p>\n<p align=\"JUSTIFY\"><span style=\"color: #000000;\"><span style=\"font-family: Times-Roman, serif;\"><span style=\"font-size: small;\">Des r\u00e9alisations en arts plastique men\u00e9es par les enseignant-e-s en dehors des temps d\u2019intervention peuvent \u00eatre li\u00e9es au projet.<\/span><\/span><\/span><\/p>\n<p><span style=\"color: #ff6600;\">\u25a0 <b><span style=\"font-family: Times-Bold, serif;\"><span style=\"font-size: medium;\">COMBIEN CA COUTE\u00a0?<\/span><\/span><\/b><\/span><\/p>\n<p><span style=\"color: #000000;\"><span style=\"font-family: Times-Italic, serif;\"><span style=\"font-size: small;\">60 euros de l\u2019heure pour les ateliers de cr\u00e9ation et la r\u00e9daction <\/span><\/span><\/span><\/p>\n<p><span style=\"color: #000000;\"><span style=\"font-family: Times-Italic, serif;\"><span style=\"font-size: small;\">500 euros pour la mise en page par l\u2019illustratrice<\/span><\/span><\/span><\/p>\n<p><span style=\"color: #000000;\"><span style=\"font-family: Times-Italic, serif;\"><span style=\"font-size: small;\">co\u00fbt de l\u2019impression (environs 4,50 euros l\u2019exemplaire)<\/span><\/span><\/span><\/p>\n<p>Document imprimable :\u00a0<a href=\"https:\/\/magikbazar.fr\/magik\/wp-content\/uploads\/2016\/11\/Pr\u00e9sentation-atelier-livre.pdf\">presentation-atelier-livre<\/a><\/p>\n<p style=\"text-align: center;\"><a href=\"https:\/\/magikbazar.fr\/magik\/contact\/\">Contact pour un devis<\/a><\/p>\n<p style=\"text-align: center;\"><a href=\"https:\/\/magikbazar.fr\/magik\/wp-content\/uploads\/2016\/08\/IMG_6159-1.jpeg\"><img decoding=\"async\" loading=\"lazy\" class=\"alignnone size-medium wp-image-163\" src=\"https:\/\/magikbazar.fr\/magik\/wp-content\/uploads\/2016\/08\/IMG_6159-1-300x201.jpeg\" alt=\"IMG_6159\" width=\"300\" height=\"201\" srcset=\"https:\/\/magikbazar.fr\/magik\/wp-content\/uploads\/2016\/08\/IMG_6159-1-300x201.jpeg 300w, https:\/\/magikbazar.fr\/magik\/wp-content\/uploads\/2016\/08\/IMG_6159-1.jpeg 320w\" sizes=\"(max-width: 300px) 100vw, 300px\" \/><\/a><\/p>\n<p style=\"text-align: center;\"><a href=\"https:\/\/magikbazar.fr\/magik\/wp-content\/uploads\/2016\/08\/IMG_6153.jpeg\"><img decoding=\"async\" loading=\"lazy\" class=\"alignnone size-medium wp-image-165\" src=\"https:\/\/magikbazar.fr\/magik\/wp-content\/uploads\/2016\/08\/IMG_6153-201x300.jpeg\" alt=\"IMG_6153\" width=\"201\" height=\"300\" srcset=\"https:\/\/magikbazar.fr\/magik\/wp-content\/uploads\/2016\/08\/IMG_6153-201x300.jpeg 201w, https:\/\/magikbazar.fr\/magik\/wp-content\/uploads\/2016\/08\/IMG_6153.jpeg 214w\" sizes=\"(max-width: 201px) 100vw, 201px\" \/><\/a><\/p>\n<p style=\"text-align: center;\"><a href=\"https:\/\/magikbazar.fr\/magik\/wp-content\/uploads\/2016\/08\/IMG_6151.jpeg\"><img decoding=\"async\" loading=\"lazy\" class=\"alignnone size-medium wp-image-160\" src=\"https:\/\/magikbazar.fr\/magik\/wp-content\/uploads\/2016\/08\/IMG_6151-201x300.jpeg\" alt=\"IMG_6151\" width=\"201\" height=\"300\" srcset=\"https:\/\/magikbazar.fr\/magik\/wp-content\/uploads\/2016\/08\/IMG_6151-201x300.jpeg 201w, https:\/\/magikbazar.fr\/magik\/wp-content\/uploads\/2016\/08\/IMG_6151.jpeg 214w\" sizes=\"(max-width: 201px) 100vw, 201px\" \/><\/a><\/p>\n<p style=\"text-align: center;\"><a href=\"https:\/\/magikbazar.fr\/magik\/contact\/\">Contact pour un devis<\/a><\/p>\n","protected":false},"excerpt":{"rendered":"<p>Ateliers de r\u00e9alisation d\u2019un livre de A \u00e0 Z\u00a0! Propos\u00e9 par\u00a0: Magali Braconnot Com\u00e9dienne, auteure de livres jeunesse \u25a0 OBJECTIF\u00a0: R\u00e9aliser un livre de A \u00e0 Z : inventer une histoire, cr\u00e9er les illustrations, le faire imprimer. \u25a0 PUBLIC CIBLE : Enfants de 4 \u00e0 12 ans, \u00e9coles, centres de loisirs, m\u00e9diath\u00e8ques. Par petits groupes&hellip;<\/p>\n","protected":false},"author":2,"featured_media":0,"parent":0,"menu_order":0,"comment_status":"closed","ping_status":"closed","template":"","meta":[],"_links":{"self":[{"href":"https:\/\/magikbazar.fr\/magik\/wp-json\/wp\/v2\/pages\/192"}],"collection":[{"href":"https:\/\/magikbazar.fr\/magik\/wp-json\/wp\/v2\/pages"}],"about":[{"href":"https:\/\/magikbazar.fr\/magik\/wp-json\/wp\/v2\/types\/page"}],"author":[{"embeddable":true,"href":"https:\/\/magikbazar.fr\/magik\/wp-json\/wp\/v2\/users\/2"}],"replies":[{"embeddable":true,"href":"https:\/\/magikbazar.fr\/magik\/wp-json\/wp\/v2\/comments?post=192"}],"version-history":[{"count":5,"href":"https:\/\/magikbazar.fr\/magik\/wp-json\/wp\/v2\/pages\/192\/revisions"}],"predecessor-version":[{"id":317,"href":"https:\/\/magikbazar.fr\/magik\/wp-json\/wp\/v2\/pages\/192\/revisions\/317"}],"wp:attachment":[{"href":"https:\/\/magikbazar.fr\/magik\/wp-json\/wp\/v2\/media?parent=192"}],"curies":[{"name":"wp","href":"https:\/\/api.w.org\/{rel}","templated":true}]}}