{"id":15,"date":"2015-09-23T21:34:45","date_gmt":"2015-09-23T20:34:45","guid":{"rendered":"http:\/\/www.magikbazar.fr\/?page_id=15"},"modified":"2016-09-01T12:30:36","modified_gmt":"2016-09-01T11:30:36","slug":"ateliers","status":"publish","type":"page","link":"https:\/\/magikbazar.fr\/magik\/ateliers\/","title":{"rendered":"Tous les ateliers"},"content":{"rendered":"<ul>\n<li><span style=\"color: #ff6600;\"><strong>Atelier de cr\u00e9ation de livres :<\/strong><\/span><\/li>\n<\/ul>\n<p>R\u00e9aliser un livre de A \u00e0 Z, de la cr\u00e9ation de l&rsquo;histoire \u00e0 son impression en passant par l&rsquo;illustration.<\/p>\n<p><a href=\"https:\/\/magikbazar.fr\/magik\/atelier-creation-de-livre\/\">En savoir plus<\/a><\/p>\n<p><a href=\"https:\/\/magikbazar.fr\/magik\/wp-content\/uploads\/2016\/08\/IMG_6151.jpeg\"><img decoding=\"async\" loading=\"lazy\" class=\"size-medium wp-image-160 aligncenter\" src=\"https:\/\/magikbazar.fr\/magik\/wp-content\/uploads\/2016\/08\/IMG_6151-201x300.jpeg\" alt=\"IMG_6151\" width=\"201\" height=\"300\" srcset=\"https:\/\/magikbazar.fr\/magik\/wp-content\/uploads\/2016\/08\/IMG_6151-201x300.jpeg 201w, https:\/\/magikbazar.fr\/magik\/wp-content\/uploads\/2016\/08\/IMG_6151.jpeg 214w\" sizes=\"(max-width: 201px) 100vw, 201px\" \/><\/a>\u00a0<a href=\"https:\/\/magikbazar.fr\/magik\/wp-content\/uploads\/2016\/08\/IMG_6152.jpeg\"><img decoding=\"async\" loading=\"lazy\" class=\"size-medium wp-image-161 aligncenter\" src=\"https:\/\/magikbazar.fr\/magik\/wp-content\/uploads\/2016\/08\/IMG_6152-300x201.jpeg\" alt=\"IMG_6152\" width=\"300\" height=\"201\" srcset=\"https:\/\/magikbazar.fr\/magik\/wp-content\/uploads\/2016\/08\/IMG_6152-300x201.jpeg 300w, https:\/\/magikbazar.fr\/magik\/wp-content\/uploads\/2016\/08\/IMG_6152.jpeg 320w\" sizes=\"(max-width: 300px) 100vw, 300px\" \/><\/a><\/p>\n<ul>\n<li><strong><span style=\"color: #ff6600;\">Ateliers arts plastique en recup&rsquo; :<\/span><\/strong><\/li>\n<\/ul>\n<p>Des ateliers \u00e0 th\u00e8me autour de la recup&rsquo; : r\u00e9alisation de jeux, de marionnettes, de d\u00e9corations, d&rsquo;instruments de musique, de cr\u00e9ations en tous genres&#8230;<\/p>\n<p><a href=\"https:\/\/magikbazar.fr\/magik\/contact\/\">En savoir plus<\/a><\/p>\n<p>&nbsp;<\/p>\n<p><a href=\"https:\/\/magikbazar.fr\/magik\/wp-content\/uploads\/2016\/08\/IMG_1012.jpg\"><img decoding=\"async\" loading=\"lazy\" class=\"size-medium wp-image-172 aligncenter\" src=\"https:\/\/magikbazar.fr\/magik\/wp-content\/uploads\/2016\/08\/IMG_1012-224x300.jpg\" alt=\"IMG_1012\" width=\"224\" height=\"300\" srcset=\"https:\/\/magikbazar.fr\/magik\/wp-content\/uploads\/2016\/08\/IMG_1012-224x300.jpg 224w, https:\/\/magikbazar.fr\/magik\/wp-content\/uploads\/2016\/08\/IMG_1012-768x1028.jpg 768w, https:\/\/magikbazar.fr\/magik\/wp-content\/uploads\/2016\/08\/IMG_1012-765x1024.jpg 765w, https:\/\/magikbazar.fr\/magik\/wp-content\/uploads\/2016\/08\/IMG_1012-1920x2571.jpg 1920w, https:\/\/magikbazar.fr\/magik\/wp-content\/uploads\/2016\/08\/IMG_1012.jpg 1936w\" sizes=\"(max-width: 224px) 100vw, 224px\" \/><\/a>\u00a0<a href=\"https:\/\/magikbazar.fr\/magik\/wp-content\/uploads\/2016\/08\/IMG_1016.jpg\"><img decoding=\"async\" loading=\"lazy\" class=\"size-medium wp-image-173 aligncenter\" src=\"https:\/\/magikbazar.fr\/magik\/wp-content\/uploads\/2016\/08\/IMG_1016-300x224.jpg\" alt=\"IMG_1016\" width=\"300\" height=\"224\" srcset=\"https:\/\/magikbazar.fr\/magik\/wp-content\/uploads\/2016\/08\/IMG_1016-300x224.jpg 300w, https:\/\/magikbazar.fr\/magik\/wp-content\/uploads\/2016\/08\/IMG_1016-768x574.jpg 768w, https:\/\/magikbazar.fr\/magik\/wp-content\/uploads\/2016\/08\/IMG_1016-1024x765.jpg 1024w, https:\/\/magikbazar.fr\/magik\/wp-content\/uploads\/2016\/08\/IMG_1016-1920x1434.jpg 1920w\" sizes=\"(max-width: 300px) 100vw, 300px\" \/><\/a><\/p>\n<ul>\n<li><strong><span style=\"color: #ff6600;\">Ateliers spectacle :<\/span><\/strong><\/li>\n<\/ul>\n<p>R\u00e9alisation d&rsquo;un spectacle de l&rsquo;\u00e9criture \u00e0 la mise en sc\u00e8ne.<\/p>\n<p><a href=\"https:\/\/magikbazar.fr\/magik\/contact\/\">En savoir plus<\/a><\/p>\n<p><a href=\"https:\/\/magikbazar.fr\/magik\/wp-content\/uploads\/2016\/08\/IMG_0429.jpg\"><img decoding=\"async\" loading=\"lazy\" class=\"size-medium wp-image-171 aligncenter\" src=\"https:\/\/magikbazar.fr\/magik\/wp-content\/uploads\/2016\/08\/IMG_0429-300x224.jpg\" alt=\"IMG_0429\" width=\"300\" height=\"224\" srcset=\"https:\/\/magikbazar.fr\/magik\/wp-content\/uploads\/2016\/08\/IMG_0429-300x224.jpg 300w, https:\/\/magikbazar.fr\/magik\/wp-content\/uploads\/2016\/08\/IMG_0429-768x574.jpg 768w, https:\/\/magikbazar.fr\/magik\/wp-content\/uploads\/2016\/08\/IMG_0429-1024x765.jpg 1024w, https:\/\/magikbazar.fr\/magik\/wp-content\/uploads\/2016\/08\/IMG_0429-1920x1434.jpg 1920w\" sizes=\"(max-width: 300px) 100vw, 300px\" \/><\/a><\/p>\n<ul>\n<li><strong><span style=\"color: #ff6600;\">Ateliers \u00e0 la carte, sur demande, sur projet :<\/span><\/strong><\/li>\n<\/ul>\n<p>Selon les projets et autour des comp\u00e9tences de Magali Braconnot : th\u00e9\u00e2tre, mime, arts plastique, musique, \u00e9criture&#8230;<\/p>\n<p><a href=\"https:\/\/magikbazar.fr\/magik\/contact\/\"><span style=\"color: #008080;\">N&rsquo;h\u00e9sitez pas \u00e0 prendre contact !<\/span><\/a><\/p>\n<p style=\"text-align: center;\"><a href=\"https:\/\/magikbazar.fr\/magik\/wp-content\/uploads\/2016\/09\/IMG_1035.jpeg\"><img decoding=\"async\" loading=\"lazy\" class=\"alignnone size-medium wp-image-204\" src=\"https:\/\/magikbazar.fr\/magik\/wp-content\/uploads\/2016\/09\/IMG_1035-225x300.jpeg\" alt=\"IMG_1035\" width=\"225\" height=\"300\" srcset=\"https:\/\/magikbazar.fr\/magik\/wp-content\/uploads\/2016\/09\/IMG_1035-225x300.jpeg 225w, https:\/\/magikbazar.fr\/magik\/wp-content\/uploads\/2016\/09\/IMG_1035.jpeg 240w\" sizes=\"(max-width: 225px) 100vw, 225px\" \/><\/a><\/p>\n<p style=\"text-align: center;\"><a href=\"https:\/\/magikbazar.fr\/magik\/wp-content\/uploads\/2016\/08\/IMG_2177.jpg\"><img decoding=\"async\" loading=\"lazy\" class=\"alignnone size-medium wp-image-182\" src=\"https:\/\/magikbazar.fr\/magik\/wp-content\/uploads\/2016\/08\/IMG_2177-224x300.jpg\" alt=\"IMG_2177\" width=\"224\" height=\"300\" srcset=\"https:\/\/magikbazar.fr\/magik\/wp-content\/uploads\/2016\/08\/IMG_2177-224x300.jpg 224w, https:\/\/magikbazar.fr\/magik\/wp-content\/uploads\/2016\/08\/IMG_2177-768x1028.jpg 768w, https:\/\/magikbazar.fr\/magik\/wp-content\/uploads\/2016\/08\/IMG_2177-765x1024.jpg 765w, https:\/\/magikbazar.fr\/magik\/wp-content\/uploads\/2016\/08\/IMG_2177-1920x2571.jpg 1920w, https:\/\/magikbazar.fr\/magik\/wp-content\/uploads\/2016\/08\/IMG_2177.jpg 1936w\" sizes=\"(max-width: 224px) 100vw, 224px\" \/><\/a><\/p>\n<p><a href=\"https:\/\/magikbazar.fr\/magik\/wp-content\/uploads\/2016\/08\/IMG_1017.jpg\"><img decoding=\"async\" loading=\"lazy\" class=\"size-medium wp-image-174 aligncenter\" src=\"https:\/\/magikbazar.fr\/magik\/wp-content\/uploads\/2016\/08\/IMG_1017-300x224.jpg\" alt=\"IMG_1017\" width=\"300\" height=\"224\" srcset=\"https:\/\/magikbazar.fr\/magik\/wp-content\/uploads\/2016\/08\/IMG_1017-300x224.jpg 300w, https:\/\/magikbazar.fr\/magik\/wp-content\/uploads\/2016\/08\/IMG_1017-768x574.jpg 768w, https:\/\/magikbazar.fr\/magik\/wp-content\/uploads\/2016\/08\/IMG_1017-1024x765.jpg 1024w, https:\/\/magikbazar.fr\/magik\/wp-content\/uploads\/2016\/08\/IMG_1017-1920x1434.jpg 1920w\" sizes=\"(max-width: 300px) 100vw, 300px\" \/><\/a><\/p>\n<p><a href=\"https:\/\/magikbazar.fr\/magik\/wp-content\/uploads\/2016\/08\/IMG_2296.jpg\"><img decoding=\"async\" loading=\"lazy\" class=\"size-medium wp-image-185 aligncenter\" src=\"https:\/\/magikbazar.fr\/magik\/wp-content\/uploads\/2016\/08\/IMG_2296-300x224.jpg\" alt=\"IMG_2296\" width=\"300\" height=\"224\" srcset=\"https:\/\/magikbazar.fr\/magik\/wp-content\/uploads\/2016\/08\/IMG_2296-300x224.jpg 300w, https:\/\/magikbazar.fr\/magik\/wp-content\/uploads\/2016\/08\/IMG_2296-768x574.jpg 768w, https:\/\/magikbazar.fr\/magik\/wp-content\/uploads\/2016\/08\/IMG_2296-1024x765.jpg 1024w, https:\/\/magikbazar.fr\/magik\/wp-content\/uploads\/2016\/08\/IMG_2296-1920x1434.jpg 1920w\" sizes=\"(max-width: 300px) 100vw, 300px\" \/><\/a><\/p>\n<p><a href=\"https:\/\/magikbazar.fr\/magik\/wp-content\/uploads\/2016\/08\/IMG_2347.jpg\"><img decoding=\"async\" loading=\"lazy\" class=\"size-medium wp-image-186 aligncenter\" src=\"https:\/\/magikbazar.fr\/magik\/wp-content\/uploads\/2016\/08\/IMG_2347-224x300.jpg\" alt=\"IMG_2347\" width=\"224\" height=\"300\" srcset=\"https:\/\/magikbazar.fr\/magik\/wp-content\/uploads\/2016\/08\/IMG_2347-224x300.jpg 224w, https:\/\/magikbazar.fr\/magik\/wp-content\/uploads\/2016\/08\/IMG_2347-768x1028.jpg 768w, https:\/\/magikbazar.fr\/magik\/wp-content\/uploads\/2016\/08\/IMG_2347-765x1024.jpg 765w, https:\/\/magikbazar.fr\/magik\/wp-content\/uploads\/2016\/08\/IMG_2347-1920x2571.jpg 1920w, https:\/\/magikbazar.fr\/magik\/wp-content\/uploads\/2016\/08\/IMG_2347.jpg 1936w\" sizes=\"(max-width: 224px) 100vw, 224px\" \/><\/a><\/p>\n<p><a href=\"https:\/\/magikbazar.fr\/magik\/wp-content\/uploads\/2016\/08\/IMG_1625.jpg\"><img decoding=\"async\" loading=\"lazy\" class=\"size-medium wp-image-181 aligncenter\" src=\"https:\/\/magikbazar.fr\/magik\/wp-content\/uploads\/2016\/08\/IMG_1625-300x224.jpg\" alt=\"IMG_1625\" width=\"300\" height=\"224\" srcset=\"https:\/\/magikbazar.fr\/magik\/wp-content\/uploads\/2016\/08\/IMG_1625-300x224.jpg 300w, https:\/\/magikbazar.fr\/magik\/wp-content\/uploads\/2016\/08\/IMG_1625-768x574.jpg 768w, https:\/\/magikbazar.fr\/magik\/wp-content\/uploads\/2016\/08\/IMG_1625-1024x765.jpg 1024w, https:\/\/magikbazar.fr\/magik\/wp-content\/uploads\/2016\/08\/IMG_1625-1920x1434.jpg 1920w\" sizes=\"(max-width: 300px) 100vw, 300px\" \/><\/a><\/p>\n<p style=\"text-align: center;\"><a href=\"https:\/\/magikbazar.fr\/magik\/wp-content\/uploads\/2016\/08\/IMG_2295.jpg\"><img decoding=\"async\" loading=\"lazy\" class=\"alignnone size-medium wp-image-184\" src=\"https:\/\/magikbazar.fr\/magik\/wp-content\/uploads\/2016\/08\/IMG_2295-224x300.jpg\" alt=\"IMG_2295\" width=\"224\" height=\"300\" srcset=\"https:\/\/magikbazar.fr\/magik\/wp-content\/uploads\/2016\/08\/IMG_2295-224x300.jpg 224w, https:\/\/magikbazar.fr\/magik\/wp-content\/uploads\/2016\/08\/IMG_2295-768x1028.jpg 768w, https:\/\/magikbazar.fr\/magik\/wp-content\/uploads\/2016\/08\/IMG_2295-765x1024.jpg 765w, https:\/\/magikbazar.fr\/magik\/wp-content\/uploads\/2016\/08\/IMG_2295-1920x2571.jpg 1920w, https:\/\/magikbazar.fr\/magik\/wp-content\/uploads\/2016\/08\/IMG_2295.jpg 1936w\" sizes=\"(max-width: 224px) 100vw, 224px\" \/><\/a><\/p>\n<p style=\"text-align: center;\"><a href=\"https:\/\/magikbazar.fr\/magik\/wp-content\/uploads\/2016\/08\/IMG_1054.jpg\"><img decoding=\"async\" loading=\"lazy\" class=\"alignnone size-medium wp-image-179\" src=\"https:\/\/magikbazar.fr\/magik\/wp-content\/uploads\/2016\/08\/IMG_1054-224x300.jpg\" alt=\"IMG_1054\" width=\"224\" height=\"300\" srcset=\"https:\/\/magikbazar.fr\/magik\/wp-content\/uploads\/2016\/08\/IMG_1054-224x300.jpg 224w, https:\/\/magikbazar.fr\/magik\/wp-content\/uploads\/2016\/08\/IMG_1054-768x1028.jpg 768w, https:\/\/magikbazar.fr\/magik\/wp-content\/uploads\/2016\/08\/IMG_1054-765x1024.jpg 765w, https:\/\/magikbazar.fr\/magik\/wp-content\/uploads\/2016\/08\/IMG_1054-1920x2571.jpg 1920w, https:\/\/magikbazar.fr\/magik\/wp-content\/uploads\/2016\/08\/IMG_1054.jpg 1936w\" sizes=\"(max-width: 224px) 100vw, 224px\" \/><\/a><\/p>\n","protected":false},"excerpt":{"rendered":"<p>Atelier de cr\u00e9ation de livres : R\u00e9aliser un livre de A \u00e0 Z, de la cr\u00e9ation de l&rsquo;histoire \u00e0 son impression en passant par l&rsquo;illustration. En savoir plus \u00a0 Ateliers arts plastique en recup&rsquo; : Des ateliers \u00e0 th\u00e8me autour de la recup&rsquo; : r\u00e9alisation de jeux, de marionnettes, de d\u00e9corations, d&rsquo;instruments de musique, de&hellip;<\/p>\n","protected":false},"author":2,"featured_media":0,"parent":0,"menu_order":0,"comment_status":"closed","ping_status":"closed","template":"","meta":[],"_links":{"self":[{"href":"https:\/\/magikbazar.fr\/magik\/wp-json\/wp\/v2\/pages\/15"}],"collection":[{"href":"https:\/\/magikbazar.fr\/magik\/wp-json\/wp\/v2\/pages"}],"about":[{"href":"https:\/\/magikbazar.fr\/magik\/wp-json\/wp\/v2\/types\/page"}],"author":[{"embeddable":true,"href":"https:\/\/magikbazar.fr\/magik\/wp-json\/wp\/v2\/users\/2"}],"replies":[{"embeddable":true,"href":"https:\/\/magikbazar.fr\/magik\/wp-json\/wp\/v2\/comments?post=15"}],"version-history":[{"count":13,"href":"https:\/\/magikbazar.fr\/magik\/wp-json\/wp\/v2\/pages\/15\/revisions"}],"predecessor-version":[{"id":205,"href":"https:\/\/magikbazar.fr\/magik\/wp-json\/wp\/v2\/pages\/15\/revisions\/205"}],"wp:attachment":[{"href":"https:\/\/magikbazar.fr\/magik\/wp-json\/wp\/v2\/media?parent=15"}],"curies":[{"name":"wp","href":"https:\/\/api.w.org\/{rel}","templated":true}]}}